{"id":1240,"date":"2021-06-03T11:40:19","date_gmt":"2021-06-03T09:40:19","guid":{"rendered":"https:\/\/promocioeconomica.paeria.cat\/web\/?page_id=1240"},"modified":"2025-03-17T21:19:49","modified_gmt":"2025-03-17T19:19:49","slug":"creixement-i-consolidacio-empresarial","status":"publish","type":"page","link":"https:\/\/promocioeconomica.paeria.cat\/web\/creixement-i-consolidacio-empresarial\/","title":{"rendered":"Creixement i consolidaci\u00f3 empresarial"},"content":{"rendered":"\t\t<div data-elementor-type=\"wp-page\" data-elementor-id=\"1240\" class=\"elementor elementor-1240\">\n\t\t\t\t\t\t<section class=\"elementor-section elementor-top-section elementor-element elementor-element-fdbf4cc elementor-section-boxed elementor-section-height-default elementor-section-height-default\" data-id=\"fdbf4cc\" data-element_type=\"section\" data-e-type=\"section\">\n\t\t\t\t\t\t<div class=\"elementor-container elementor-column-gap-default\">\n\t\t\t\t\t<div class=\"elementor-column elementor-col-100 elementor-top-column elementor-element elementor-element-ae2dabc\" data-id=\"ae2dabc\" data-element_type=\"column\" data-e-type=\"column\">\n\t\t\t<div class=\"elementor-widget-wrap elementor-element-populated\">\n\t\t\t\t\t\t<div class=\"elementor-element elementor-element-25a0830 elementor-widget elementor-widget-text-editor\" data-id=\"25a0830\" data-element_type=\"widget\" data-e-type=\"widget\" data-widget_type=\"text-editor.default\">\n\t\t\t\t<div class=\"elementor-widget-container\">\n\t\t\t\t\t\t\t\t\t<p><span style=\"font-weight: 400;\">El principal objectiu \u00e9s refor\u00e7ar a les empreses amb serveis que facilitin el seu creixement, el seu salt qualitatiu i l\u2019obtenci\u00f3 de resultats de m\u00e9s impacte; i contribuir al seu desenvolupament, afavorint la seva competitivitat.<\/span><\/p><p><span style=\"font-weight: 400;\">Amb aquesta finalitat es duran a terme:<\/span><\/p><h3><span style=\"text-decoration: underline;\"><b>Programes de suport a la consolidaci\u00f3 i creixement empresarial<\/b><\/span><\/h3><p><span style=\"font-weight: 400;\">Aquests programes tenen per objectiu proporcionar les eines necess\u00e0ries per a dur a terme una reflexi\u00f3 estrat\u00e8gica i identificar els factors clau d\u2019\u00e8xit de l\u2019empresa. <\/span><span style=\"font-weight: 400;\">Per estar al dia dels programes <a href=\"https:\/\/paeria.us21.list-manage.com\/subscribe?u=55a832fc0a3d1795a009751bd&amp;id=b648df2123\" target=\"_blank\" rel=\"noopener\">dona\u2019t d\u2019alta al nostre butllet\u00ed.<\/a><\/span><\/p><h3>\u00a0<\/h3><h3><span style=\"text-decoration: underline;\"><b>Finan\u00e7ament<\/b><\/span><\/h3><p><span style=\"font-weight: 400;\">Informaci\u00f3 sobre les diferents l\u00ednies de finan\u00e7ament.<\/span><\/p><ul><li><span style=\"font-weight: 400;\">L\u2019Ajuntament de Lleida t\u00e9 signat un conveni amb Microbank: <\/span><a href=\"https:\/\/www.microbank.com\/ca\/productes\/negocis-conveni.html\" target=\"_blank\" rel=\"noopener\">Microcr\u00e8dit negocis<\/a> i <a href=\"https:\/\/www.microbank.com\/ca\/productes\/innovacio.html\" target=\"_blank\" rel=\"noopener\">Pr\u00e9stec Innovaci\u00f3<\/a><\/li><li><span style=\"font-weight: 400;\">L\u00ednies de finan\u00e7ament p\u00fabliques (<\/span><a href=\"https:\/\/www.ico.es\/web\/ico\/ico-empresas-y-emprendedores\" target=\"_blank\" rel=\"noopener\"><span style=\"font-weight: 400;\">ICO<\/span><\/a><span style=\"font-weight: 400;\">,\u00a0<\/span><a href=\"https:\/\/www.enisa.es\/\" target=\"_blank\" rel=\"noopener\"><span style=\"font-weight: 400;\">Enisa<\/span><\/a><span style=\"font-weight: 400;\">,\u00a0<\/span><a href=\"https:\/\/www.cdti.es\/\" target=\"_blank\" rel=\"noopener\"><span style=\"font-weight: 400;\">CDTI<\/span><\/a><span style=\"font-weight: 400;\">,\u00a0<\/span><a href=\"http:\/\/www.icf.cat\/ca\/inici\/index.html\" target=\"_blank\" rel=\"noopener\"><span style=\"font-weight: 400;\">ICF<\/span><\/a><span style=\"font-weight: 400;\">, etc.<\/span><\/li><li><span style=\"font-weight: 400;\">Inversors privats:\u00a0<\/span><a href=\"https:\/\/globalleidainversions.com\/ca\/c\/globa-lleida-inversions-1\" target=\"_blank\" rel=\"noopener\"><span style=\"font-weight: 400;\">Globalleida Inversions, SA<\/span><\/a><b><\/b><\/li><\/ul><h3>\u00a0<\/h3><h3><span style=\"text-decoration: underline;\"><b>Organitzaci\u00f3 de rondes de finan\u00e7ament<\/b><\/span><\/h3><p><span style=\"font-weight: 400;\">Aquestes jornades realitzades principalment amb les entitats de cr\u00e8dit ICO, ICF, ENISA i CDTI estan adre\u00e7ades a les persones emprenedores i empreses interessades a con\u00e8ixer les noves l\u00ednies financeres a les quals poden optar i que s\u2019adapten millor segons la tipologia i sector de cada negoci.\u00a0<\/span><\/p><p><span style=\"font-weight: 400;\">Les empreses que sol\u00b7liciten entrevista individual amb les entitats convidades, analitzen conjuntament les seves necessitats de finan\u00e7ament i les l\u00ednies que s\u2019adapten millor a les seves necessitats. <\/span><span style=\"font-weight: 400;\">Per estar al dia de les rondes <a href=\"https:\/\/paeria.us21.list-manage.com\/subscribe?u=55a832fc0a3d1795a009751bd&amp;id=b648df2123\" target=\"_blank\" rel=\"noopener\">dona\u2019t d\u2019alta al nostre butllet\u00ed.<\/a><\/span><\/p><h3>\u00a0<\/h3><h3><span style=\"text-decoration: underline;\"><b>Formaci\u00f3 empresarial<\/b><\/span><\/h3><p><span style=\"font-weight: 400;\">Accions formatives de curta durada dirigides a persones emprenedores, empresaris i empres\u00e0ries individuals aut\u00f2noms, empreses de recent creaci\u00f3 o consolidades que aborden diferents tem\u00e0tiques per treballar la idea de negoci, les habilitats i compet\u00e8ncies emprenedores i la gesti\u00f3 empresarial. <\/span><span style=\"font-weight: 400;\">Per estar al dia de les formacions <a href=\"https:\/\/paeria.us21.list-manage.com\/subscribe?u=55a832fc0a3d1795a009751bd&amp;id=b648df2123\" target=\"_blank\" rel=\"noopener\">dona\u2019t d\u2019alta al nostre butllet\u00ed.<\/a><\/span><\/p><h3>\u00a0<\/h3><h3><span style=\"text-decoration: underline;\"><b>Jornades empresarials<\/b><\/span><\/h3><p><span style=\"font-weight: 400;\">Organitzaci\u00f3 de diferents jornades i trobades empresarials durant l\u2019any amb la finalitat de ser un espai de debat, d\u2019intercanvi de coneixement, de bones pr\u00e0ctiques i d\u2019innovaci\u00f3. <\/span><span style=\"font-weight: 400;\">Per estar al dia de les jornades <a href=\"https:\/\/paeria.us21.list-manage.com\/subscribe?u=55a832fc0a3d1795a009751bd&amp;id=b648df2123\" target=\"_blank\" rel=\"noopener\">dona\u2019t d\u2019alta al nostre butllet\u00ed.<\/a><\/span><\/p><h3>\u00a0<\/h3><h3><span style=\"text-decoration: underline;\"><b>Eines i recursos<\/b><\/span><\/h3><p><b>Cerca guiada de tr\u00e0mits, una eina per a con\u00e8ixer els tr\u00e0mits necessaris per a iniciar una activitat econ\u00f2mica a Catalunya, independentment de l\u2019administraci\u00f3 competent.<\/b> A partir del tipus d&#8217;activitat i la ubicaci\u00f3, l&#8217;eina genera una sessi\u00f3 de preguntes que cal respondre. El resultat del q\u00fcestionari \u00e9s un informe detallat dels tr\u00e0mits, l&#8217;ordre en qu\u00e8 s&#8217;han de fer, el lloc, els requisits, els documents necessaris i les taxes que cal pagar.\u00a0<a href=\"https:\/\/canalempresa.gencat.cat\/ca\/tramits-i-formularis\/tramit\/cerca-guiada\/cerca-guiada-de-tramits\/\" target=\"_blank\" rel=\"noopener\"><span style=\"font-weight: 400;\">Accedeix<\/span><i><span style=\"font-weight: 400;\"> a la cerca guiada de tr\u00e0mits<\/span><\/i><\/a><\/p><p><b>Servei Reempresa<\/b><span style=\"font-weight: 400;\">: mercat de compravenda de petites i mitjanes empreses de Catalunya. Una iniciativa posada en marxa per Cecot i Autoocupaci\u00f3 que fomenta la continu\u00eftat d\u2019empreses que s\u00f3n viables econ\u00f2micament i cerquen un relleu en la propietat i direcci\u00f3. La persona que reempr\u00e8n agafa el testimoni en la gesti\u00f3 d\u2019una empresa ja existent (cedent), comprant-la completament per continuar-ne l\u2019activitat. <a href=\"https:\/\/www.reempresa.org\/\" target=\"_blank\" rel=\"noopener\">M\u00e9s informaci\u00f3.<\/a><\/span><\/p>\t\t\t\t\t\t\t\t<\/div>\n\t\t\t\t<\/div>\n\t\t\t\t\t<\/div>\n\t\t<\/div>\n\t\t\t\t\t<\/div>\n\t\t<\/section>\n\t\t\t\t<\/div>\n\t\t","protected":false},"excerpt":{"rendered":"<p>El principal objectiu \u00e9s refor\u00e7ar a les empreses amb serveis que facilitin el seu creixement, el seu salt qualitatiu i l\u2019obtenci\u00f3 de resultats de m\u00e9s impacte; i contribuir al seu desenvolupament, afavorint la seva competitivitat. Amb aquesta finalitat es duran a terme: Programes de suport a la consolidaci\u00f3 i creixement empresarial Aquests programes tenen per &#8230; <a title=\"Creixement i consolidaci\u00f3 empresarial\" class=\"read-more\" href=\"https:\/\/promocioeconomica.paeria.cat\/web\/creixement-i-consolidacio-empresarial\/\" aria-label=\"M\u00e9s informaci\u00f3 sobre Creixement i consolidaci\u00f3 empresarial\">Llegiu m\u00e9s<\/a><\/p>\n","protected":false},"author":6,"featured_media":0,"parent":0,"menu_order":0,"comment_status":"closed","ping_status":"closed","template":"","meta":{"_sitemap_exclude":false,"_sitemap_priority":"","_sitemap_frequency":"","footnotes":""},"class_list":["post-1240","page","type-page","status-publish"],"yoast_head":"<!-- This site is optimized with the Yoast SEO plugin v27.3 - https:\/\/yoast.com\/product\/yoast-seo-wordpress\/ -->\n<title>Creixement i consolidaci\u00f3 empresarial - Promoci\u00f3 Econ\u00f2mica i Emprenedoria<\/title>\n<meta name=\"robots\" content=\"index, follow, max-snippet:-1, max-image-preview:large, max-video-preview:-1\" \/>\n<link rel=\"canonical\" href=\"https:\/\/promocioeconomica.paeria.cat\/web\/creixement-i-consolidacio-empresarial\/\" \/>\n<meta property=\"og:locale\" content=\"ca_ES\" \/>\n<meta property=\"og:type\" content=\"article\" \/>\n<meta property=\"og:title\" content=\"Creixement i consolidaci\u00f3 empresarial - Promoci\u00f3 Econ\u00f2mica i Emprenedoria\" \/>\n<meta property=\"og:description\" content=\"El principal objectiu \u00e9s refor\u00e7ar a les empreses amb serveis que facilitin el seu creixement, el seu salt qualitatiu i l\u2019obtenci\u00f3 de resultats de m\u00e9s impacte; i contribuir al seu desenvolupament, afavorint la seva competitivitat. Amb aquesta finalitat es duran a terme: Programes de suport a la consolidaci\u00f3 i creixement empresarial Aquests programes tenen per ... Llegiu m\u00e9s\" \/>\n<meta property=\"og:url\" content=\"https:\/\/promocioeconomica.paeria.cat\/web\/creixement-i-consolidacio-empresarial\/\" \/>\n<meta property=\"og:site_name\" content=\"Promoci\u00f3 Econ\u00f2mica i Emprenedoria\" \/>\n<meta property=\"article:modified_time\" content=\"2025-03-17T19:19:49+00:00\" \/>\n<meta name=\"twitter:card\" content=\"summary_large_image\" \/>\n<meta name=\"twitter:label1\" content=\"Temps estimat de lectura\" \/>\n\t<meta name=\"twitter:data1\" content=\"3 minuts\" \/>\n<script type=\"application\/ld+json\" class=\"yoast-schema-graph\">{\"@context\":\"https:\\\/\\\/schema.org\",\"@graph\":[{\"@type\":\"WebPage\",\"@id\":\"https:\\\/\\\/promocioeconomica.paeria.cat\\\/web\\\/creixement-i-consolidacio-empresarial\\\/\",\"url\":\"https:\\\/\\\/promocioeconomica.paeria.cat\\\/web\\\/creixement-i-consolidacio-empresarial\\\/\",\"name\":\"Creixement i consolidaci\u00f3 empresarial - Promoci\u00f3 Econ\u00f2mica i Emprenedoria\",\"isPartOf\":{\"@id\":\"https:\\\/\\\/promocioeconomica.paeria.cat\\\/web\\\/#website\"},\"datePublished\":\"2021-06-03T09:40:19+00:00\",\"dateModified\":\"2025-03-17T19:19:49+00:00\",\"breadcrumb\":{\"@id\":\"https:\\\/\\\/promocioeconomica.paeria.cat\\\/web\\\/creixement-i-consolidacio-empresarial\\\/#breadcrumb\"},\"inLanguage\":\"ca\",\"potentialAction\":[{\"@type\":\"ReadAction\",\"target\":[\"https:\\\/\\\/promocioeconomica.paeria.cat\\\/web\\\/creixement-i-consolidacio-empresarial\\\/\"]}]},{\"@type\":\"BreadcrumbList\",\"@id\":\"https:\\\/\\\/promocioeconomica.paeria.cat\\\/web\\\/creixement-i-consolidacio-empresarial\\\/#breadcrumb\",\"itemListElement\":[{\"@type\":\"ListItem\",\"position\":1,\"name\":\"Inici\",\"item\":\"https:\\\/\\\/promocioeconomica.paeria.cat\\\/web\\\/\"},{\"@type\":\"ListItem\",\"position\":2,\"name\":\"Creixement i consolidaci\u00f3 empresarial\"}]},{\"@type\":\"WebSite\",\"@id\":\"https:\\\/\\\/promocioeconomica.paeria.cat\\\/web\\\/#website\",\"url\":\"https:\\\/\\\/promocioeconomica.paeria.cat\\\/web\\\/\",\"name\":\"Promoci\u00f3 Econ\u00f2mica i Emprenedoria\",\"description\":\"Regidoria de Promoci\u00f3 Econ\u00f2mica i Emprenedoria\",\"publisher\":{\"@id\":\"https:\\\/\\\/promocioeconomica.paeria.cat\\\/web\\\/#organization\"},\"potentialAction\":[{\"@type\":\"SearchAction\",\"target\":{\"@type\":\"EntryPoint\",\"urlTemplate\":\"https:\\\/\\\/promocioeconomica.paeria.cat\\\/web\\\/?s={search_term_string}\"},\"query-input\":{\"@type\":\"PropertyValueSpecification\",\"valueRequired\":true,\"valueName\":\"search_term_string\"}}],\"inLanguage\":\"ca\"},{\"@type\":\"Organization\",\"@id\":\"https:\\\/\\\/promocioeconomica.paeria.cat\\\/web\\\/#organization\",\"name\":\"Ajuntament de Lleida\",\"url\":\"https:\\\/\\\/promocioeconomica.paeria.cat\\\/web\\\/\",\"logo\":{\"@type\":\"ImageObject\",\"inLanguage\":\"ca\",\"@id\":\"https:\\\/\\\/promocioeconomica.paeria.cat\\\/web\\\/#\\\/schema\\\/logo\\\/image\\\/\",\"url\":\"https:\\\/\\\/promocioeconomica.paeria.cat\\\/web\\\/wp-content\\\/uploads\\\/2021\\\/06\\\/capcalera-promocio-economica.png\",\"contentUrl\":\"https:\\\/\\\/promocioeconomica.paeria.cat\\\/web\\\/wp-content\\\/uploads\\\/2021\\\/06\\\/capcalera-promocio-economica.png\",\"width\":1100,\"height\":221,\"caption\":\"Ajuntament de Lleida\"},\"image\":{\"@id\":\"https:\\\/\\\/promocioeconomica.paeria.cat\\\/web\\\/#\\\/schema\\\/logo\\\/image\\\/\"}}]}<\/script>\n<!-- \/ Yoast SEO plugin. -->","yoast_head_json":{"title":"Creixement i consolidaci\u00f3 empresarial - Promoci\u00f3 Econ\u00f2mica i Emprenedoria","robots":{"index":"index","follow":"follow","max-snippet":"max-snippet:-1","max-image-preview":"max-image-preview:large","max-video-preview":"max-video-preview:-1"},"canonical":"https:\/\/promocioeconomica.paeria.cat\/web\/creixement-i-consolidacio-empresarial\/","og_locale":"ca_ES","og_type":"article","og_title":"Creixement i consolidaci\u00f3 empresarial - Promoci\u00f3 Econ\u00f2mica i Emprenedoria","og_description":"El principal objectiu \u00e9s refor\u00e7ar a les empreses amb serveis que facilitin el seu creixement, el seu salt qualitatiu i l\u2019obtenci\u00f3 de resultats de m\u00e9s impacte; i contribuir al seu desenvolupament, afavorint la seva competitivitat. Amb aquesta finalitat es duran a terme: Programes de suport a la consolidaci\u00f3 i creixement empresarial Aquests programes tenen per ... Llegiu m\u00e9s","og_url":"https:\/\/promocioeconomica.paeria.cat\/web\/creixement-i-consolidacio-empresarial\/","og_site_name":"Promoci\u00f3 Econ\u00f2mica i Emprenedoria","article_modified_time":"2025-03-17T19:19:49+00:00","twitter_card":"summary_large_image","twitter_misc":{"Temps estimat de lectura":"3 minuts"},"schema":{"@context":"https:\/\/schema.org","@graph":[{"@type":"WebPage","@id":"https:\/\/promocioeconomica.paeria.cat\/web\/creixement-i-consolidacio-empresarial\/","url":"https:\/\/promocioeconomica.paeria.cat\/web\/creixement-i-consolidacio-empresarial\/","name":"Creixement i consolidaci\u00f3 empresarial - Promoci\u00f3 Econ\u00f2mica i Emprenedoria","isPartOf":{"@id":"https:\/\/promocioeconomica.paeria.cat\/web\/#website"},"datePublished":"2021-06-03T09:40:19+00:00","dateModified":"2025-03-17T19:19:49+00:00","breadcrumb":{"@id":"https:\/\/promocioeconomica.paeria.cat\/web\/creixement-i-consolidacio-empresarial\/#breadcrumb"},"inLanguage":"ca","potentialAction":[{"@type":"ReadAction","target":["https:\/\/promocioeconomica.paeria.cat\/web\/creixement-i-consolidacio-empresarial\/"]}]},{"@type":"BreadcrumbList","@id":"https:\/\/promocioeconomica.paeria.cat\/web\/creixement-i-consolidacio-empresarial\/#breadcrumb","itemListElement":[{"@type":"ListItem","position":1,"name":"Inici","item":"https:\/\/promocioeconomica.paeria.cat\/web\/"},{"@type":"ListItem","position":2,"name":"Creixement i consolidaci\u00f3 empresarial"}]},{"@type":"WebSite","@id":"https:\/\/promocioeconomica.paeria.cat\/web\/#website","url":"https:\/\/promocioeconomica.paeria.cat\/web\/","name":"Promoci\u00f3 Econ\u00f2mica i Emprenedoria","description":"Regidoria de Promoci\u00f3 Econ\u00f2mica i Emprenedoria","publisher":{"@id":"https:\/\/promocioeconomica.paeria.cat\/web\/#organization"},"potentialAction":[{"@type":"SearchAction","target":{"@type":"EntryPoint","urlTemplate":"https:\/\/promocioeconomica.paeria.cat\/web\/?s={search_term_string}"},"query-input":{"@type":"PropertyValueSpecification","valueRequired":true,"valueName":"search_term_string"}}],"inLanguage":"ca"},{"@type":"Organization","@id":"https:\/\/promocioeconomica.paeria.cat\/web\/#organization","name":"Ajuntament de Lleida","url":"https:\/\/promocioeconomica.paeria.cat\/web\/","logo":{"@type":"ImageObject","inLanguage":"ca","@id":"https:\/\/promocioeconomica.paeria.cat\/web\/#\/schema\/logo\/image\/","url":"https:\/\/promocioeconomica.paeria.cat\/web\/wp-content\/uploads\/2021\/06\/capcalera-promocio-economica.png","contentUrl":"https:\/\/promocioeconomica.paeria.cat\/web\/wp-content\/uploads\/2021\/06\/capcalera-promocio-economica.png","width":1100,"height":221,"caption":"Ajuntament de Lleida"},"image":{"@id":"https:\/\/promocioeconomica.paeria.cat\/web\/#\/schema\/logo\/image\/"}}]}},"_links":{"self":[{"href":"https:\/\/promocioeconomica.paeria.cat\/web\/wp-json\/wp\/v2\/pages\/1240","targetHints":{"allow":["GET"]}}],"collection":[{"href":"https:\/\/promocioeconomica.paeria.cat\/web\/wp-json\/wp\/v2\/pages"}],"about":[{"href":"https:\/\/promocioeconomica.paeria.cat\/web\/wp-json\/wp\/v2\/types\/page"}],"author":[{"embeddable":true,"href":"https:\/\/promocioeconomica.paeria.cat\/web\/wp-json\/wp\/v2\/users\/6"}],"replies":[{"embeddable":true,"href":"https:\/\/promocioeconomica.paeria.cat\/web\/wp-json\/wp\/v2\/comments?post=1240"}],"version-history":[{"count":70,"href":"https:\/\/promocioeconomica.paeria.cat\/web\/wp-json\/wp\/v2\/pages\/1240\/revisions"}],"predecessor-version":[{"id":2767,"href":"https:\/\/promocioeconomica.paeria.cat\/web\/wp-json\/wp\/v2\/pages\/1240\/revisions\/2767"}],"wp:attachment":[{"href":"https:\/\/promocioeconomica.paeria.cat\/web\/wp-json\/wp\/v2\/media?parent=1240"}],"curies":[{"name":"wp","href":"https:\/\/api.w.org\/{rel}","templated":true}]}}