{"id":1242,"date":"2021-06-03T11:40:57","date_gmt":"2021-06-03T09:40:57","guid":{"rendered":"https:\/\/promocioeconomica.paeria.cat\/web\/?page_id=1242"},"modified":"2024-04-19T19:17:17","modified_gmt":"2024-04-19T17:17:17","slug":"invertir-a-lleida","status":"publish","type":"page","link":"https:\/\/promocioeconomica.paeria.cat\/web\/invertir-a-lleida\/","title":{"rendered":"Invertir a Lleida"},"content":{"rendered":"<h2>Per la seva situaci\u00f3 estrat\u00e8gica<\/h2>\n<p>Lleida \u00e9s el nus estrat\u00e8gic de diversos eixos viaris que travessen el territori de nord a sud i d\u2019est a oest. \u00c9s lloc de pas obligat i natural entre la Mediterr\u00e0nia i l\u2019interior peninsular. La seva situaci\u00f3 li proporciona un r\u00e0pid i f\u00e0cil acc\u00e9s a les principals ciutats i centes de negoci del continent. El tren d\u2019Alta Velocitat (AVE) connecta la ciutat amb les principals ciutats espanyoles via Madrid-Saragossa-Lleida-Tarragona-Barcelona. Amb l\u2019aeroport Lleida-Alguaire, Lleida t\u00e9 una porta d\u2019entrada a\u00e8ria a l\u2019oest del pa\u00eds, que incrementa la competitivitat de les Terres de Lleida en els \u00e0mbits del turisme, de l\u2019atracci\u00f3 d\u2019inversions, de les exportacions agroaliment\u00e0ries i de la projecci\u00f3 exterior.<\/p>\n<h2>Per l\u2019aigua i energia netes i abundants<\/h2>\n<p>La situaci\u00f3 privilegiada de la ciutat de Lleida al capdavall de la conca del riu Segre, li permet disposar d\u2019aigua de qualitat i energia el\u00e8ctrica abundants. Aquest s\u00f3n els recursos naturals m\u00e9s importants de la prov\u00edncia.<\/p>\n<h2>Per la seva disponibilitat de s\u00f2l industrial<\/h2>\n<p>Amb el nou pol\u00edgon Torreblanca- Quatre Pilans situat entre l&#8217;N-240, en direcci\u00f3 a Tarragona, i la via del ferrocarril.<\/p>\n<h2>Per les noves tecnologies<\/h2>\n<p>En el decurs dels darrers anys, l\u2019\u00fas de les TICs i l\u2019aven\u00e7 de la societat de la informaci\u00f3 i el coneixement s\u2019ha consolidat entre les empreses, l\u2019administraci\u00f3 i la ciutadania. El Parc Cient\u00edfic i Tecnol\u00f2gic Agroalimentari de Lleida acull les principals empreses tecnol\u00f2giques, centres tecnol\u00f2gics i grups d recerca del territori.<\/p>\n<h2>Per la seva Universitat i la formaci\u00f3 dels seus ciutadans<\/h2>\n<p>La Universitat de Lleida \u00e9s una de les millors universitats p\u00fabliques espanyoles, reconeguda per la seva alta qualitat docent, un aut\u00e8ntic viver de futurs professionals, amb un ventall d\u2019especialitats molt ampli  i l&#8217;impacte del treball de recerca dels seus investigadors.<\/p>\n<h2>Per la seva qualitat de vida<\/h2>\n<p>La qualitat de vida \u00e9s un dels trets caracter\u00edstics de la ciutat de Lleida, capital d\u2019una prov\u00edncia situada entre les de nivell de vida m\u00e9s alt d\u2019Espanya gr\u00e0cies a l\u2019elevada renda disponible per habitant.<\/p>\n","protected":false},"excerpt":{"rendered":"<p>Per la seva situaci\u00f3 estrat\u00e8gica Lleida \u00e9s el nus estrat\u00e8gic de diversos eixos viaris que travessen el territori de nord a sud i d\u2019est a oest. \u00c9s lloc de pas obligat i natural entre la Mediterr\u00e0nia i l\u2019interior peninsular. La seva situaci\u00f3 li proporciona un r\u00e0pid i f\u00e0cil acc\u00e9s a les principals ciutats i centes &#8230; <a title=\"Invertir a Lleida\" class=\"read-more\" href=\"https:\/\/promocioeconomica.paeria.cat\/web\/invertir-a-lleida\/\" aria-label=\"M\u00e9s informaci\u00f3 sobre Invertir a Lleida\">Llegiu m\u00e9s<\/a><\/p>\n","protected":false},"author":6,"featured_media":0,"parent":0,"menu_order":0,"comment_status":"closed","ping_status":"closed","template":"","meta":{"_sitemap_exclude":false,"_sitemap_priority":"","_sitemap_frequency":"","footnotes":""},"class_list":["post-1242","page","type-page","status-publish"],"yoast_head":"<!-- This site is optimized with the Yoast SEO plugin v27.5 - https:\/\/yoast.com\/product\/yoast-seo-wordpress\/ -->\n<title>Invertir a Lleida - Promoci\u00f3 Econ\u00f2mica i Emprenedoria<\/title>\n<meta name=\"robots\" content=\"index, follow, max-snippet:-1, max-image-preview:large, max-video-preview:-1\" \/>\n<link rel=\"canonical\" href=\"https:\/\/promocioeconomica.paeria.cat\/web\/invertir-a-lleida\/\" \/>\n<meta property=\"og:locale\" content=\"ca_ES\" \/>\n<meta property=\"og:type\" content=\"article\" \/>\n<meta property=\"og:title\" content=\"Invertir a Lleida - Promoci\u00f3 Econ\u00f2mica i Emprenedoria\" \/>\n<meta property=\"og:description\" content=\"Per la seva situaci\u00f3 estrat\u00e8gica Lleida \u00e9s el nus estrat\u00e8gic de diversos eixos viaris que travessen el territori de nord a sud i d\u2019est a oest. \u00c9s lloc de pas obligat i natural entre la Mediterr\u00e0nia i l\u2019interior peninsular. La seva situaci\u00f3 li proporciona un r\u00e0pid i f\u00e0cil acc\u00e9s a les principals ciutats i centes ... Llegiu m\u00e9s\" \/>\n<meta property=\"og:url\" content=\"https:\/\/promocioeconomica.paeria.cat\/web\/invertir-a-lleida\/\" \/>\n<meta property=\"og:site_name\" content=\"Promoci\u00f3 Econ\u00f2mica i Emprenedoria\" \/>\n<meta property=\"article:modified_time\" content=\"2024-04-19T17:17:17+00:00\" \/>\n<meta name=\"twitter:card\" content=\"summary_large_image\" \/>\n<meta name=\"twitter:label1\" content=\"Temps estimat de lectura\" \/>\n\t<meta name=\"twitter:data1\" content=\"2 minuts\" \/>\n<script type=\"application\/ld+json\" class=\"yoast-schema-graph\">{\"@context\":\"https:\\\/\\\/schema.org\",\"@graph\":[{\"@type\":\"WebPage\",\"@id\":\"https:\\\/\\\/promocioeconomica.paeria.cat\\\/web\\\/invertir-a-lleida\\\/\",\"url\":\"https:\\\/\\\/promocioeconomica.paeria.cat\\\/web\\\/invertir-a-lleida\\\/\",\"name\":\"Invertir a Lleida - Promoci\u00f3 Econ\u00f2mica i Emprenedoria\",\"isPartOf\":{\"@id\":\"https:\\\/\\\/promocioeconomica.paeria.cat\\\/web\\\/#website\"},\"datePublished\":\"2021-06-03T09:40:57+00:00\",\"dateModified\":\"2024-04-19T17:17:17+00:00\",\"breadcrumb\":{\"@id\":\"https:\\\/\\\/promocioeconomica.paeria.cat\\\/web\\\/invertir-a-lleida\\\/#breadcrumb\"},\"inLanguage\":\"ca\",\"potentialAction\":[{\"@type\":\"ReadAction\",\"target\":[\"https:\\\/\\\/promocioeconomica.paeria.cat\\\/web\\\/invertir-a-lleida\\\/\"]}]},{\"@type\":\"BreadcrumbList\",\"@id\":\"https:\\\/\\\/promocioeconomica.paeria.cat\\\/web\\\/invertir-a-lleida\\\/#breadcrumb\",\"itemListElement\":[{\"@type\":\"ListItem\",\"position\":1,\"name\":\"Inici\",\"item\":\"https:\\\/\\\/promocioeconomica.paeria.cat\\\/web\\\/\"},{\"@type\":\"ListItem\",\"position\":2,\"name\":\"Invertir a Lleida\"}]},{\"@type\":\"WebSite\",\"@id\":\"https:\\\/\\\/promocioeconomica.paeria.cat\\\/web\\\/#website\",\"url\":\"https:\\\/\\\/promocioeconomica.paeria.cat\\\/web\\\/\",\"name\":\"Promoci\u00f3 Econ\u00f2mica i Emprenedoria\",\"description\":\"Regidoria de Promoci\u00f3 Econ\u00f2mica i Emprenedoria\",\"publisher\":{\"@id\":\"https:\\\/\\\/promocioeconomica.paeria.cat\\\/web\\\/#organization\"},\"potentialAction\":[{\"@type\":\"SearchAction\",\"target\":{\"@type\":\"EntryPoint\",\"urlTemplate\":\"https:\\\/\\\/promocioeconomica.paeria.cat\\\/web\\\/?s={search_term_string}\"},\"query-input\":{\"@type\":\"PropertyValueSpecification\",\"valueRequired\":true,\"valueName\":\"search_term_string\"}}],\"inLanguage\":\"ca\"},{\"@type\":\"Organization\",\"@id\":\"https:\\\/\\\/promocioeconomica.paeria.cat\\\/web\\\/#organization\",\"name\":\"Ajuntament de Lleida\",\"url\":\"https:\\\/\\\/promocioeconomica.paeria.cat\\\/web\\\/\",\"logo\":{\"@type\":\"ImageObject\",\"inLanguage\":\"ca\",\"@id\":\"https:\\\/\\\/promocioeconomica.paeria.cat\\\/web\\\/#\\\/schema\\\/logo\\\/image\\\/\",\"url\":\"https:\\\/\\\/promocioeconomica.paeria.cat\\\/web\\\/wp-content\\\/uploads\\\/2021\\\/06\\\/capcalera-promocio-economica.png\",\"contentUrl\":\"https:\\\/\\\/promocioeconomica.paeria.cat\\\/web\\\/wp-content\\\/uploads\\\/2021\\\/06\\\/capcalera-promocio-economica.png\",\"width\":1100,\"height\":221,\"caption\":\"Ajuntament de Lleida\"},\"image\":{\"@id\":\"https:\\\/\\\/promocioeconomica.paeria.cat\\\/web\\\/#\\\/schema\\\/logo\\\/image\\\/\"}}]}<\/script>\n<!-- \/ Yoast SEO plugin. -->","yoast_head_json":{"title":"Invertir a Lleida - Promoci\u00f3 Econ\u00f2mica i Emprenedoria","robots":{"index":"index","follow":"follow","max-snippet":"max-snippet:-1","max-image-preview":"max-image-preview:large","max-video-preview":"max-video-preview:-1"},"canonical":"https:\/\/promocioeconomica.paeria.cat\/web\/invertir-a-lleida\/","og_locale":"ca_ES","og_type":"article","og_title":"Invertir a Lleida - Promoci\u00f3 Econ\u00f2mica i Emprenedoria","og_description":"Per la seva situaci\u00f3 estrat\u00e8gica Lleida \u00e9s el nus estrat\u00e8gic de diversos eixos viaris que travessen el territori de nord a sud i d\u2019est a oest. \u00c9s lloc de pas obligat i natural entre la Mediterr\u00e0nia i l\u2019interior peninsular. La seva situaci\u00f3 li proporciona un r\u00e0pid i f\u00e0cil acc\u00e9s a les principals ciutats i centes ... Llegiu m\u00e9s","og_url":"https:\/\/promocioeconomica.paeria.cat\/web\/invertir-a-lleida\/","og_site_name":"Promoci\u00f3 Econ\u00f2mica i Emprenedoria","article_modified_time":"2024-04-19T17:17:17+00:00","twitter_card":"summary_large_image","twitter_misc":{"Temps estimat de lectura":"2 minuts"},"schema":{"@context":"https:\/\/schema.org","@graph":[{"@type":"WebPage","@id":"https:\/\/promocioeconomica.paeria.cat\/web\/invertir-a-lleida\/","url":"https:\/\/promocioeconomica.paeria.cat\/web\/invertir-a-lleida\/","name":"Invertir a Lleida - Promoci\u00f3 Econ\u00f2mica i Emprenedoria","isPartOf":{"@id":"https:\/\/promocioeconomica.paeria.cat\/web\/#website"},"datePublished":"2021-06-03T09:40:57+00:00","dateModified":"2024-04-19T17:17:17+00:00","breadcrumb":{"@id":"https:\/\/promocioeconomica.paeria.cat\/web\/invertir-a-lleida\/#breadcrumb"},"inLanguage":"ca","potentialAction":[{"@type":"ReadAction","target":["https:\/\/promocioeconomica.paeria.cat\/web\/invertir-a-lleida\/"]}]},{"@type":"BreadcrumbList","@id":"https:\/\/promocioeconomica.paeria.cat\/web\/invertir-a-lleida\/#breadcrumb","itemListElement":[{"@type":"ListItem","position":1,"name":"Inici","item":"https:\/\/promocioeconomica.paeria.cat\/web\/"},{"@type":"ListItem","position":2,"name":"Invertir a Lleida"}]},{"@type":"WebSite","@id":"https:\/\/promocioeconomica.paeria.cat\/web\/#website","url":"https:\/\/promocioeconomica.paeria.cat\/web\/","name":"Promoci\u00f3 Econ\u00f2mica i Emprenedoria","description":"Regidoria de Promoci\u00f3 Econ\u00f2mica i Emprenedoria","publisher":{"@id":"https:\/\/promocioeconomica.paeria.cat\/web\/#organization"},"potentialAction":[{"@type":"SearchAction","target":{"@type":"EntryPoint","urlTemplate":"https:\/\/promocioeconomica.paeria.cat\/web\/?s={search_term_string}"},"query-input":{"@type":"PropertyValueSpecification","valueRequired":true,"valueName":"search_term_string"}}],"inLanguage":"ca"},{"@type":"Organization","@id":"https:\/\/promocioeconomica.paeria.cat\/web\/#organization","name":"Ajuntament de Lleida","url":"https:\/\/promocioeconomica.paeria.cat\/web\/","logo":{"@type":"ImageObject","inLanguage":"ca","@id":"https:\/\/promocioeconomica.paeria.cat\/web\/#\/schema\/logo\/image\/","url":"https:\/\/promocioeconomica.paeria.cat\/web\/wp-content\/uploads\/2021\/06\/capcalera-promocio-economica.png","contentUrl":"https:\/\/promocioeconomica.paeria.cat\/web\/wp-content\/uploads\/2021\/06\/capcalera-promocio-economica.png","width":1100,"height":221,"caption":"Ajuntament de Lleida"},"image":{"@id":"https:\/\/promocioeconomica.paeria.cat\/web\/#\/schema\/logo\/image\/"}}]}},"_links":{"self":[{"href":"https:\/\/promocioeconomica.paeria.cat\/web\/wp-json\/wp\/v2\/pages\/1242","targetHints":{"allow":["GET"]}}],"collection":[{"href":"https:\/\/promocioeconomica.paeria.cat\/web\/wp-json\/wp\/v2\/pages"}],"about":[{"href":"https:\/\/promocioeconomica.paeria.cat\/web\/wp-json\/wp\/v2\/types\/page"}],"author":[{"embeddable":true,"href":"https:\/\/promocioeconomica.paeria.cat\/web\/wp-json\/wp\/v2\/users\/6"}],"replies":[{"embeddable":true,"href":"https:\/\/promocioeconomica.paeria.cat\/web\/wp-json\/wp\/v2\/comments?post=1242"}],"version-history":[{"count":19,"href":"https:\/\/promocioeconomica.paeria.cat\/web\/wp-json\/wp\/v2\/pages\/1242\/revisions"}],"predecessor-version":[{"id":1599,"href":"https:\/\/promocioeconomica.paeria.cat\/web\/wp-json\/wp\/v2\/pages\/1242\/revisions\/1599"}],"wp:attachment":[{"href":"https:\/\/promocioeconomica.paeria.cat\/web\/wp-json\/wp\/v2\/media?parent=1242"}],"curies":[{"name":"wp","href":"https:\/\/api.w.org\/{rel}","templated":true}]}}