{"id":1869,"date":"2022-04-08T09:53:50","date_gmt":"2022-04-08T07:53:50","guid":{"rendered":"https:\/\/promocioeconomica.paeria.cat\/web\/?page_id=1869"},"modified":"2025-03-10T16:02:17","modified_gmt":"2025-03-10T14:02:17","slug":"servei-hola-empresa","status":"publish","type":"page","link":"https:\/\/promocioeconomica.paeria.cat\/web\/servei-hola-empresa\/","title":{"rendered":"Servei &#8216;Hola, empresa&#8217;"},"content":{"rendered":"\t\t<div data-elementor-type=\"wp-page\" data-elementor-id=\"1869\" class=\"elementor elementor-1869\">\n\t\t\t\t\t\t<section class=\"elementor-section elementor-top-section elementor-element elementor-element-15ea3d4 elementor-section-boxed elementor-section-height-default elementor-section-height-default\" data-id=\"15ea3d4\" data-element_type=\"section\" data-e-type=\"section\">\n\t\t\t\t\t\t<div class=\"elementor-container elementor-column-gap-default\">\n\t\t\t\t\t<div class=\"elementor-column elementor-col-100 elementor-top-column elementor-element elementor-element-84d50fa\" data-id=\"84d50fa\" data-element_type=\"column\" data-e-type=\"column\">\n\t\t\t<div class=\"elementor-widget-wrap elementor-element-populated\">\n\t\t\t\t\t\t<div class=\"elementor-element elementor-element-d85b2d6 elementor-widget elementor-widget-heading\" data-id=\"d85b2d6\" data-element_type=\"widget\" data-e-type=\"widget\" data-widget_type=\"heading.default\">\n\t\t\t\t<div class=\"elementor-widget-container\">\n\t\t\t\t\t<h2 class=\"elementor-heading-title elementor-size-default\">Qui som<\/h2>\t\t\t\t<\/div>\n\t\t\t\t<\/div>\n\t\t\t\t<div class=\"elementor-element elementor-element-dd0a774 elementor-widget elementor-widget-text-editor\" data-id=\"dd0a774\" data-element_type=\"widget\" data-e-type=\"widget\" data-widget_type=\"text-editor.default\">\n\t\t\t\t<div class=\"elementor-widget-container\">\n\t\t\t\t\t\t\t\t\t<p>En els darrers mesos, <strong>han acudit a l&#8217;\u00e0rea de Promoci\u00f3 Econ\u00f2mica i Emprenedoria de la Regidoria de Promoci\u00f3 de la Ciutat, diferents empreses consolidades<\/strong> que ens han demanat <strong>suport en temes d\u2019internacionalitzaci\u00f3, finan\u00e7ament, localitzacions o seguiment en processos de llic\u00e8ncies<\/strong> per exemple.<\/p><p>S\u00f3n empreses de Lleida o de fora de Lleida que ens plantegen diferents escenaris i, a partir d\u2019aqu\u00ed, prenen les seves decisions.<\/p><p>Aquesta <strong>realitat i aquesta necessitat <\/strong>s\u00f3n les que ens han portat a la creaci\u00f3 del <strong>servei<\/strong> \u2018<strong>HOLA, EMPRESA\u2019 que forma part de la carta de serveis de l&#8217;\u00e0rea de Promoci\u00f3 Econ\u00f2mica i Emprenedoria de la Regidoria de Promoci\u00f3 de la ciutat de l\u2019Ajuntament de Lleida. Un nou servei que ens consolida com a centre de recursos per a l\u2019empresa<\/strong>.<\/p>\t\t\t\t\t\t\t\t<\/div>\n\t\t\t\t<\/div>\n\t\t\t\t\t<\/div>\n\t\t<\/div>\n\t\t\t\t\t<\/div>\n\t\t<\/section>\n\t\t\t\t<section class=\"elementor-section elementor-top-section elementor-element elementor-element-4c31fc7 elementor-section-boxed elementor-section-height-default elementor-section-height-default\" data-id=\"4c31fc7\" data-element_type=\"section\" data-e-type=\"section\">\n\t\t\t\t\t\t<div class=\"elementor-container elementor-column-gap-default\">\n\t\t\t\t\t<div class=\"elementor-column elementor-col-100 elementor-top-column elementor-element elementor-element-a48acb6\" data-id=\"a48acb6\" data-element_type=\"column\" data-e-type=\"column\">\n\t\t\t<div class=\"elementor-widget-wrap elementor-element-populated\">\n\t\t\t\t\t\t<div class=\"elementor-element elementor-element-919c6a9 elementor-widget elementor-widget-heading\" data-id=\"919c6a9\" data-element_type=\"widget\" data-e-type=\"widget\" data-widget_type=\"heading.default\">\n\t\t\t\t<div class=\"elementor-widget-container\">\n\t\t\t\t\t<h2 class=\"elementor-heading-title elementor-size-default\">Qu\u00e8 oferim a 'Hola, empresa'<\/h2>\t\t\t\t<\/div>\n\t\t\t\t<\/div>\n\t\t\t\t<div class=\"elementor-element elementor-element-20ae6ee elementor-widget elementor-widget-text-editor\" data-id=\"20ae6ee\" data-element_type=\"widget\" data-e-type=\"widget\" data-widget_type=\"text-editor.default\">\n\t\t\t\t<div class=\"elementor-widget-container\">\n\t\t\t\t\t\t\t\t\t<p>El servei \u201cHola, empresa\u201d t\u00e9 el seu fonament en la m\u00e0xima efici\u00e8ncia:\u00a0<strong>Cada projecte t\u00e9 una persona de l\u2019\u00e0rea t\u00e8cnica com a refer\u00e8ncia.<\/strong><\/p><p><strong>D\u2019aquesta manera podem garantir:<\/strong><\/p><ul><li>Un\u00a0<strong>servei d\u2019acompanyament a persones inversores<\/strong>\u00a0<strong>i empreses que volen invertir a Lleida.\u00a0<\/strong>Es dona informaci\u00f3 i s\u2019ofereix acompanyament.<\/li><\/ul><ul><li>Acompanyament quan es tracta de\u00a0<strong>localitzaci\u00f3 empresarial o de la necess\u00e0ria prescripci\u00f3 dels partners<\/strong>\u00a0que hagin de proveir diversos suports a l\u2019empresa.<ul><li>Estem oferint una tipologia de servei que fa possible treballar, per exemple, la localitzaci\u00f3 empresarial que permet buscar i trobar la millor ubicaci\u00f3 per a projectes d\u2019inversi\u00f3 a la ciutat de Lleida.<\/li><\/ul><\/li><\/ul><p>Hem signat<strong> diferents convenis amb col\u00b7legis especialitzats i professionals com s\u00f3n el Col\u00b7legi de Gestors Administratius, el Col\u00b7legi d\u2019Economistes, el Col\u00b7legi d\u2019Agents de la Propietat Immobili\u00e0ria i el Col\u00b7legi de Graduats Socials. <\/strong>\u00a0Per eixamplar l\u2019oferta de serveis i seguiment que es fa amb cada empresa, des de la recerca d\u2019immobles i equipaments disponibles per establir-s\u2019hi, com tamb\u00e9 sobre l\u2019oferta de s\u00f2l i sostre industrial.<\/p><p>Al servei \u2018Hola, empresa\u2019 s\u2019hi sumen\u00a0<strong>prestacions en assist\u00e8ncia per trobar finan\u00e7ament a mida, per a cada projecte d\u2019inversi\u00f3<\/strong>. Un servei que realitzem\u00a0<strong>en col\u00b7laboraci\u00f3 amb Acci\u00f3 i l\u2019Institut Catal\u00e0 de Finances<\/strong>, per tal de posar damunt la taula les opcions de finan\u00e7ament tant de la Generalitat de Catalunya com d&#8217;altres fonts i programes p\u00fablics locals, nacionals i europeus ajustats al projecte.<\/p><p>Cal sumar-hi la necess\u00e0ria\u00a0<strong>recerca de socis estrat\u00e8gics, prove\u00efdors competitius i empreses de serveis<\/strong>. \u00c9s a dir, connectem les empreses que volen invertir a Lleida amb socis clau, tant institucionals com prove\u00efdors de serveis empresarials, per\u00a0<strong>ajudar-los a implantar-se, a tenir \u00e8xit i a cr\u00e9ixer aqu\u00ed, a Lleida<\/strong>.<\/p>\t\t\t\t\t\t\t\t<\/div>\n\t\t\t\t<\/div>\n\t\t\t\t\t<\/div>\n\t\t<\/div>\n\t\t\t\t\t<\/div>\n\t\t<\/section>\n\t\t\t\t<\/div>\n\t\t","protected":false},"excerpt":{"rendered":"<p>Qui som En els darrers mesos, han acudit a l&#8217;\u00e0rea de Promoci\u00f3 Econ\u00f2mica i Emprenedoria de la Regidoria de Promoci\u00f3 de la Ciutat, diferents empreses consolidades que ens han demanat suport en temes d\u2019internacionalitzaci\u00f3, finan\u00e7ament, localitzacions o seguiment en processos de llic\u00e8ncies per exemple. S\u00f3n empreses de Lleida o de fora de Lleida que ens &#8230; <a title=\"Servei &#8216;Hola, empresa&#8217;\" class=\"read-more\" href=\"https:\/\/promocioeconomica.paeria.cat\/web\/servei-hola-empresa\/\" aria-label=\"M\u00e9s informaci\u00f3 sobre Servei &#8216;Hola, empresa&#8217;\">Llegiu m\u00e9s<\/a><\/p>\n","protected":false},"author":6,"featured_media":0,"parent":0,"menu_order":0,"comment_status":"closed","ping_status":"closed","template":"","meta":{"_sitemap_exclude":false,"_sitemap_priority":"","_sitemap_frequency":"","footnotes":""},"class_list":["post-1869","page","type-page","status-publish"],"yoast_head":"<!-- This site is optimized with the Yoast SEO plugin v27.5 - https:\/\/yoast.com\/product\/yoast-seo-wordpress\/ -->\n<title>Servei &#039;Hola, empresa&#039; - Promoci\u00f3 Econ\u00f2mica i Emprenedoria<\/title>\n<meta name=\"robots\" content=\"index, follow, max-snippet:-1, max-image-preview:large, max-video-preview:-1\" \/>\n<link rel=\"canonical\" href=\"https:\/\/promocioeconomica.paeria.cat\/web\/servei-hola-empresa\/\" \/>\n<meta property=\"og:locale\" content=\"ca_ES\" \/>\n<meta property=\"og:type\" content=\"article\" \/>\n<meta property=\"og:title\" content=\"Servei &#039;Hola, empresa&#039; - Promoci\u00f3 Econ\u00f2mica i Emprenedoria\" \/>\n<meta property=\"og:description\" content=\"Qui som En els darrers mesos, han acudit a l&#8217;\u00e0rea de Promoci\u00f3 Econ\u00f2mica i Emprenedoria de la Regidoria de Promoci\u00f3 de la Ciutat, diferents empreses consolidades que ens han demanat suport en temes d\u2019internacionalitzaci\u00f3, finan\u00e7ament, localitzacions o seguiment en processos de llic\u00e8ncies per exemple. S\u00f3n empreses de Lleida o de fora de Lleida que ens ... Llegiu m\u00e9s\" \/>\n<meta property=\"og:url\" content=\"https:\/\/promocioeconomica.paeria.cat\/web\/servei-hola-empresa\/\" \/>\n<meta property=\"og:site_name\" content=\"Promoci\u00f3 Econ\u00f2mica i Emprenedoria\" \/>\n<meta property=\"article:modified_time\" content=\"2025-03-10T14:02:17+00:00\" \/>\n<meta name=\"twitter:card\" content=\"summary_large_image\" \/>\n<meta name=\"twitter:label1\" content=\"Temps estimat de lectura\" \/>\n\t<meta name=\"twitter:data1\" content=\"3 minuts\" \/>\n<script type=\"application\/ld+json\" class=\"yoast-schema-graph\">{\"@context\":\"https:\\\/\\\/schema.org\",\"@graph\":[{\"@type\":\"WebPage\",\"@id\":\"https:\\\/\\\/promocioeconomica.paeria.cat\\\/web\\\/servei-hola-empresa\\\/\",\"url\":\"https:\\\/\\\/promocioeconomica.paeria.cat\\\/web\\\/servei-hola-empresa\\\/\",\"name\":\"Servei 'Hola, empresa' - Promoci\u00f3 Econ\u00f2mica i Emprenedoria\",\"isPartOf\":{\"@id\":\"https:\\\/\\\/promocioeconomica.paeria.cat\\\/web\\\/#website\"},\"datePublished\":\"2022-04-08T07:53:50+00:00\",\"dateModified\":\"2025-03-10T14:02:17+00:00\",\"breadcrumb\":{\"@id\":\"https:\\\/\\\/promocioeconomica.paeria.cat\\\/web\\\/servei-hola-empresa\\\/#breadcrumb\"},\"inLanguage\":\"ca\",\"potentialAction\":[{\"@type\":\"ReadAction\",\"target\":[\"https:\\\/\\\/promocioeconomica.paeria.cat\\\/web\\\/servei-hola-empresa\\\/\"]}]},{\"@type\":\"BreadcrumbList\",\"@id\":\"https:\\\/\\\/promocioeconomica.paeria.cat\\\/web\\\/servei-hola-empresa\\\/#breadcrumb\",\"itemListElement\":[{\"@type\":\"ListItem\",\"position\":1,\"name\":\"Inici\",\"item\":\"https:\\\/\\\/promocioeconomica.paeria.cat\\\/web\\\/\"},{\"@type\":\"ListItem\",\"position\":2,\"name\":\"Servei &#8216;Hola, empresa&#8217;\"}]},{\"@type\":\"WebSite\",\"@id\":\"https:\\\/\\\/promocioeconomica.paeria.cat\\\/web\\\/#website\",\"url\":\"https:\\\/\\\/promocioeconomica.paeria.cat\\\/web\\\/\",\"name\":\"Promoci\u00f3 Econ\u00f2mica i Emprenedoria\",\"description\":\"Regidoria de Promoci\u00f3 Econ\u00f2mica i Emprenedoria\",\"publisher\":{\"@id\":\"https:\\\/\\\/promocioeconomica.paeria.cat\\\/web\\\/#organization\"},\"potentialAction\":[{\"@type\":\"SearchAction\",\"target\":{\"@type\":\"EntryPoint\",\"urlTemplate\":\"https:\\\/\\\/promocioeconomica.paeria.cat\\\/web\\\/?s={search_term_string}\"},\"query-input\":{\"@type\":\"PropertyValueSpecification\",\"valueRequired\":true,\"valueName\":\"search_term_string\"}}],\"inLanguage\":\"ca\"},{\"@type\":\"Organization\",\"@id\":\"https:\\\/\\\/promocioeconomica.paeria.cat\\\/web\\\/#organization\",\"name\":\"Ajuntament de Lleida\",\"url\":\"https:\\\/\\\/promocioeconomica.paeria.cat\\\/web\\\/\",\"logo\":{\"@type\":\"ImageObject\",\"inLanguage\":\"ca\",\"@id\":\"https:\\\/\\\/promocioeconomica.paeria.cat\\\/web\\\/#\\\/schema\\\/logo\\\/image\\\/\",\"url\":\"https:\\\/\\\/promocioeconomica.paeria.cat\\\/web\\\/wp-content\\\/uploads\\\/2021\\\/06\\\/capcalera-promocio-economica.png\",\"contentUrl\":\"https:\\\/\\\/promocioeconomica.paeria.cat\\\/web\\\/wp-content\\\/uploads\\\/2021\\\/06\\\/capcalera-promocio-economica.png\",\"width\":1100,\"height\":221,\"caption\":\"Ajuntament de Lleida\"},\"image\":{\"@id\":\"https:\\\/\\\/promocioeconomica.paeria.cat\\\/web\\\/#\\\/schema\\\/logo\\\/image\\\/\"}}]}<\/script>\n<!-- \/ Yoast SEO plugin. -->","yoast_head_json":{"title":"Servei 'Hola, empresa' - Promoci\u00f3 Econ\u00f2mica i Emprenedoria","robots":{"index":"index","follow":"follow","max-snippet":"max-snippet:-1","max-image-preview":"max-image-preview:large","max-video-preview":"max-video-preview:-1"},"canonical":"https:\/\/promocioeconomica.paeria.cat\/web\/servei-hola-empresa\/","og_locale":"ca_ES","og_type":"article","og_title":"Servei 'Hola, empresa' - Promoci\u00f3 Econ\u00f2mica i Emprenedoria","og_description":"Qui som En els darrers mesos, han acudit a l&#8217;\u00e0rea de Promoci\u00f3 Econ\u00f2mica i Emprenedoria de la Regidoria de Promoci\u00f3 de la Ciutat, diferents empreses consolidades que ens han demanat suport en temes d\u2019internacionalitzaci\u00f3, finan\u00e7ament, localitzacions o seguiment en processos de llic\u00e8ncies per exemple. S\u00f3n empreses de Lleida o de fora de Lleida que ens ... Llegiu m\u00e9s","og_url":"https:\/\/promocioeconomica.paeria.cat\/web\/servei-hola-empresa\/","og_site_name":"Promoci\u00f3 Econ\u00f2mica i Emprenedoria","article_modified_time":"2025-03-10T14:02:17+00:00","twitter_card":"summary_large_image","twitter_misc":{"Temps estimat de lectura":"3 minuts"},"schema":{"@context":"https:\/\/schema.org","@graph":[{"@type":"WebPage","@id":"https:\/\/promocioeconomica.paeria.cat\/web\/servei-hola-empresa\/","url":"https:\/\/promocioeconomica.paeria.cat\/web\/servei-hola-empresa\/","name":"Servei 'Hola, empresa' - Promoci\u00f3 Econ\u00f2mica i Emprenedoria","isPartOf":{"@id":"https:\/\/promocioeconomica.paeria.cat\/web\/#website"},"datePublished":"2022-04-08T07:53:50+00:00","dateModified":"2025-03-10T14:02:17+00:00","breadcrumb":{"@id":"https:\/\/promocioeconomica.paeria.cat\/web\/servei-hola-empresa\/#breadcrumb"},"inLanguage":"ca","potentialAction":[{"@type":"ReadAction","target":["https:\/\/promocioeconomica.paeria.cat\/web\/servei-hola-empresa\/"]}]},{"@type":"BreadcrumbList","@id":"https:\/\/promocioeconomica.paeria.cat\/web\/servei-hola-empresa\/#breadcrumb","itemListElement":[{"@type":"ListItem","position":1,"name":"Inici","item":"https:\/\/promocioeconomica.paeria.cat\/web\/"},{"@type":"ListItem","position":2,"name":"Servei &#8216;Hola, empresa&#8217;"}]},{"@type":"WebSite","@id":"https:\/\/promocioeconomica.paeria.cat\/web\/#website","url":"https:\/\/promocioeconomica.paeria.cat\/web\/","name":"Promoci\u00f3 Econ\u00f2mica i Emprenedoria","description":"Regidoria de Promoci\u00f3 Econ\u00f2mica i Emprenedoria","publisher":{"@id":"https:\/\/promocioeconomica.paeria.cat\/web\/#organization"},"potentialAction":[{"@type":"SearchAction","target":{"@type":"EntryPoint","urlTemplate":"https:\/\/promocioeconomica.paeria.cat\/web\/?s={search_term_string}"},"query-input":{"@type":"PropertyValueSpecification","valueRequired":true,"valueName":"search_term_string"}}],"inLanguage":"ca"},{"@type":"Organization","@id":"https:\/\/promocioeconomica.paeria.cat\/web\/#organization","name":"Ajuntament de Lleida","url":"https:\/\/promocioeconomica.paeria.cat\/web\/","logo":{"@type":"ImageObject","inLanguage":"ca","@id":"https:\/\/promocioeconomica.paeria.cat\/web\/#\/schema\/logo\/image\/","url":"https:\/\/promocioeconomica.paeria.cat\/web\/wp-content\/uploads\/2021\/06\/capcalera-promocio-economica.png","contentUrl":"https:\/\/promocioeconomica.paeria.cat\/web\/wp-content\/uploads\/2021\/06\/capcalera-promocio-economica.png","width":1100,"height":221,"caption":"Ajuntament de Lleida"},"image":{"@id":"https:\/\/promocioeconomica.paeria.cat\/web\/#\/schema\/logo\/image\/"}}]}},"_links":{"self":[{"href":"https:\/\/promocioeconomica.paeria.cat\/web\/wp-json\/wp\/v2\/pages\/1869","targetHints":{"allow":["GET"]}}],"collection":[{"href":"https:\/\/promocioeconomica.paeria.cat\/web\/wp-json\/wp\/v2\/pages"}],"about":[{"href":"https:\/\/promocioeconomica.paeria.cat\/web\/wp-json\/wp\/v2\/types\/page"}],"author":[{"embeddable":true,"href":"https:\/\/promocioeconomica.paeria.cat\/web\/wp-json\/wp\/v2\/users\/6"}],"replies":[{"embeddable":true,"href":"https:\/\/promocioeconomica.paeria.cat\/web\/wp-json\/wp\/v2\/comments?post=1869"}],"version-history":[{"count":13,"href":"https:\/\/promocioeconomica.paeria.cat\/web\/wp-json\/wp\/v2\/pages\/1869\/revisions"}],"predecessor-version":[{"id":2704,"href":"https:\/\/promocioeconomica.paeria.cat\/web\/wp-json\/wp\/v2\/pages\/1869\/revisions\/2704"}],"wp:attachment":[{"href":"https:\/\/promocioeconomica.paeria.cat\/web\/wp-json\/wp\/v2\/media?parent=1869"}],"curies":[{"name":"wp","href":"https:\/\/api.w.org\/{rel}","templated":true}]}}