{"id":2138,"date":"2024-05-23T20:21:49","date_gmt":"2024-05-23T18:21:49","guid":{"rendered":"https:\/\/promocioeconomica.paeria.cat\/web\/?page_id=2138"},"modified":"2025-05-27T11:18:26","modified_gmt":"2025-05-27T09:18:26","slug":"empren-bio-4-0","status":"publish","type":"page","link":"https:\/\/promocioeconomica.paeria.cat\/web\/empren-bio-4-0\/","title":{"rendered":"Empr\u00e8n BIO 4.0"},"content":{"rendered":"\t\t<div data-elementor-type=\"wp-page\" data-elementor-id=\"2138\" class=\"elementor elementor-2138\">\n\t\t\t\t\t\t<section class=\"elementor-section elementor-top-section elementor-element elementor-element-720d494d elementor-section-boxed elementor-section-height-default elementor-section-height-default\" data-id=\"720d494d\" data-element_type=\"section\" data-e-type=\"section\">\n\t\t\t\t\t\t<div class=\"elementor-container elementor-column-gap-default\">\n\t\t\t\t\t<div class=\"elementor-column elementor-col-100 elementor-top-column elementor-element elementor-element-6378b59d\" data-id=\"6378b59d\" data-element_type=\"column\" data-e-type=\"column\">\n\t\t\t<div class=\"elementor-widget-wrap elementor-element-populated\">\n\t\t\t\t\t\t<div class=\"elementor-element elementor-element-6f7312ba elementor-widget elementor-widget-text-editor\" data-id=\"6f7312ba\" data-element_type=\"widget\" data-e-type=\"widget\" data-widget_type=\"text-editor.default\">\n\t\t\t\t<div class=\"elementor-widget-container\">\n\t\t\t\t\t\t\t\t\t<p><em><a href=\"https:\/\/emprenbiolleida.cat\/\" target=\"_blank\" rel=\"noopener\"><img fetchpriority=\"high\" decoding=\"async\" src=\"https:\/\/promocioeconomica.paeria.cat\/web\/wp-content\/uploads\/2024\/05\/emprenbio-1920x1200-1-300x188.jpg\" alt=\"\" width=\"401\" height=\"251\"><\/a><\/em><\/p>\n<ul>\n<li><em>Tens una idea o projecte d\u2019emprenedoria relacionat amb la bioeconomia, l&#8217;economia regenerativa, verda o circular?&nbsp;<\/em><!-- \/wp:paragraph --><!-- wp:paragraph --><\/li>\n<li><em>Vols esbrinar quines oportunitats t\u2019ofereixen les tecnologies per desenvolupar el teu projecte?<\/em><!-- \/wp:paragraph --><!-- wp:paragraph --><\/li>\n<li><em>Vols rebre formaci\u00f3 i suport professional per impulsar el teu projecte?<\/em><!-- \/wp:paragraph --><!-- wp:paragraph --><\/li>\n<li><em>Voldries contrastar el teu projecte amb persones expertes i empreses del sector?<\/em><\/li>\n<\/ul>\n<p><!-- \/wp:paragraph --><!-- wp:paragraph --><\/p>\n<p>Empr\u00e8n BIO 4.0 \u00e9s un <strong>programa de preacceleraci\u00f3 de projectes de base tecnol\u00f2gica de l\u2019\u00e0mbit de la bioeconomia<\/strong> amb l\u2019objectiu de donar suport a projectes en el desenvolupament de la idea de negoci, del seu prototip o servei, la definici\u00f3 del model de negoci i la constituci\u00f3 d\u2019empreses en el camp de la bioeconomia i&nbsp;l&#8217;economia regenerativa, verda o circular.<em>&nbsp;<\/em>&nbsp;<\/p>\n<p><!-- \/wp:paragraph --><!-- wp:paragraph --><\/p>\n<p>El programa compta amb <strong>sessions formatives en l\u00ednia i presencials<\/strong> sobre gesti\u00f3 empresarial, innovaci\u00f3 i tecnologia, amb una durada de m\u00e9s de 100 hores. I tamb\u00e9 visites presencials per con\u00e8ixer casos d\u2019\u00e8xit.<\/p>\n<p><!-- \/wp:paragraph --><!-- wp:paragraph --><\/p>\n<p>A m\u00e9s, tots els projectes participants accediran a <strong>mentories grupals i\/o individualitzades<\/strong> impartides per persones expertes del m\u00f3n empresarial i acad\u00e8mic.<\/p>\n<p><!-- \/wp:paragraph --><!-- wp:paragraph --><\/p>\n<p>Aquest programa \u00e9s gratu\u00eft i est\u00e0 subvencionat pel Departament d\u2019Empresa i Treball i compta amb el cofinan\u00e7ament del Fons Social Europeu Plus.<\/p>\n<p><!-- \/wp:paragraph --><!-- wp:paragraph --><\/p>\n<p><strong>Per a m\u00e9s informaci\u00f3 i inscripcions: <a href=\"https:\/\/emprenbiolleida.cat\/\" target=\"_blank\" rel=\"noopener\">https:\/\/emprenbiolleida.cat\/<\/a><\/strong><\/p>\n<p><\/p>\n<p><!-- \/wp:paragraph --><\/p>\t\t\t\t\t\t\t\t<\/div>\n\t\t\t\t<\/div>\n\t\t\t\t\t<\/div>\n\t\t<\/div>\n\t\t\t\t\t<\/div>\n\t\t<\/section>\n\t\t\t\t<section class=\"elementor-section elementor-top-section elementor-element elementor-element-cad310a elementor-section-boxed elementor-section-height-default elementor-section-height-default\" data-id=\"cad310a\" data-element_type=\"section\" data-e-type=\"section\">\n\t\t\t\t\t\t<div class=\"elementor-container elementor-column-gap-default\">\n\t\t\t\t\t<div class=\"elementor-column elementor-col-100 elementor-top-column elementor-element elementor-element-7ac8efb\" data-id=\"7ac8efb\" data-element_type=\"column\" data-e-type=\"column\">\n\t\t\t<div class=\"elementor-widget-wrap\">\n\t\t\t\t\t\t\t<\/div>\n\t\t<\/div>\n\t\t\t\t\t<\/div>\n\t\t<\/section>\n\t\t\t\t<section class=\"elementor-section elementor-top-section elementor-element elementor-element-80648a0 elementor-section-boxed elementor-section-height-default elementor-section-height-default\" data-id=\"80648a0\" data-element_type=\"section\" data-e-type=\"section\">\n\t\t\t\t\t\t<div class=\"elementor-container elementor-column-gap-default\">\n\t\t\t\t\t<div class=\"elementor-column elementor-col-100 elementor-top-column elementor-element elementor-element-c51dd95\" data-id=\"c51dd95\" data-element_type=\"column\" data-e-type=\"column\">\n\t\t\t<div class=\"elementor-widget-wrap elementor-element-populated\">\n\t\t\t\t\t\t<div class=\"elementor-element elementor-element-e84708b elementor-widget elementor-widget-image\" data-id=\"e84708b\" data-element_type=\"widget\" data-e-type=\"widget\" data-widget_type=\"image.default\">\n\t\t\t\t<div class=\"elementor-widget-container\">\n\t\t\t\t\t\t\t\t\t\t\t\t\t\t\t<img decoding=\"async\" width=\"1024\" height=\"639\" src=\"https:\/\/promocioeconomica.paeria.cat\/web\/wp-content\/uploads\/2025\/05\/Logos-2-1024x639.png\" class=\"attachment-large size-large wp-image-2832\" alt=\"\" srcset=\"https:\/\/promocioeconomica.paeria.cat\/web\/wp-content\/uploads\/2025\/05\/Logos-2-1024x639.png 1024w, https:\/\/promocioeconomica.paeria.cat\/web\/wp-content\/uploads\/2025\/05\/Logos-2-300x187.png 300w, https:\/\/promocioeconomica.paeria.cat\/web\/wp-content\/uploads\/2025\/05\/Logos-2-768x479.png 768w, https:\/\/promocioeconomica.paeria.cat\/web\/wp-content\/uploads\/2025\/05\/Logos-2.png 1374w\" sizes=\"(max-width: 1024px) 100vw, 1024px\" \/>\t\t\t\t\t\t\t\t\t\t\t\t\t\t\t<\/div>\n\t\t\t\t<\/div>\n\t\t\t\t\t<\/div>\n\t\t<\/div>\n\t\t\t\t\t<\/div>\n\t\t<\/section>\n\t\t\t\t<\/div>\n\t\t","protected":false},"excerpt":{"rendered":"<p>Tens una idea o projecte d\u2019emprenedoria relacionat amb la bioeconomia, l&#8217;economia regenerativa, verda o circular?&nbsp; Vols esbrinar quines oportunitats t\u2019ofereixen les tecnologies per desenvolupar el teu projecte? Vols rebre formaci\u00f3 i suport professional per impulsar el teu projecte? Voldries contrastar el teu projecte amb persones expertes i empreses del sector? Empr\u00e8n BIO 4.0 \u00e9s un &#8230; <a title=\"Empr\u00e8n BIO 4.0\" class=\"read-more\" href=\"https:\/\/promocioeconomica.paeria.cat\/web\/empren-bio-4-0\/\" aria-label=\"M\u00e9s informaci\u00f3 sobre Empr\u00e8n BIO 4.0\">Llegiu m\u00e9s<\/a><\/p>\n","protected":false},"author":14,"featured_media":0,"parent":0,"menu_order":0,"comment_status":"closed","ping_status":"closed","template":"","meta":{"_sitemap_exclude":false,"_sitemap_priority":"","_sitemap_frequency":"","footnotes":""},"class_list":["post-2138","page","type-page","status-publish"],"yoast_head":"<!-- This site is optimized with the Yoast SEO plugin v27.4 - https:\/\/yoast.com\/product\/yoast-seo-wordpress\/ -->\n<title>Empr\u00e8n BIO 4.0 - Promoci\u00f3 Econ\u00f2mica i Emprenedoria<\/title>\n<meta name=\"robots\" content=\"index, follow, max-snippet:-1, max-image-preview:large, max-video-preview:-1\" \/>\n<link rel=\"canonical\" href=\"https:\/\/promocioeconomica.paeria.cat\/web\/empren-bio-4-0\/\" \/>\n<meta property=\"og:locale\" content=\"ca_ES\" \/>\n<meta property=\"og:type\" content=\"article\" \/>\n<meta property=\"og:title\" content=\"Empr\u00e8n BIO 4.0 - Promoci\u00f3 Econ\u00f2mica i Emprenedoria\" \/>\n<meta property=\"og:description\" content=\"Tens una idea o projecte d\u2019emprenedoria relacionat amb la bioeconomia, l&#8217;economia regenerativa, verda o circular?&nbsp; Vols esbrinar quines oportunitats t\u2019ofereixen les tecnologies per desenvolupar el teu projecte? Vols rebre formaci\u00f3 i suport professional per impulsar el teu projecte? Voldries contrastar el teu projecte amb persones expertes i empreses del sector? Empr\u00e8n BIO 4.0 \u00e9s un ... Llegiu m\u00e9s\" \/>\n<meta property=\"og:url\" content=\"https:\/\/promocioeconomica.paeria.cat\/web\/empren-bio-4-0\/\" \/>\n<meta property=\"og:site_name\" content=\"Promoci\u00f3 Econ\u00f2mica i Emprenedoria\" \/>\n<meta property=\"article:modified_time\" content=\"2025-05-27T09:18:26+00:00\" \/>\n<meta property=\"og:image\" content=\"https:\/\/promocioeconomica.paeria.cat\/web\/wp-content\/uploads\/2024\/05\/emprenbio-1920x1200-1-300x188.jpg\" \/>\n<meta name=\"twitter:card\" content=\"summary_large_image\" \/>\n<meta name=\"twitter:label1\" content=\"Temps estimat de lectura\" \/>\n\t<meta name=\"twitter:data1\" content=\"2 minuts\" \/>\n<script type=\"application\/ld+json\" class=\"yoast-schema-graph\">{\"@context\":\"https:\\\/\\\/schema.org\",\"@graph\":[{\"@type\":\"WebPage\",\"@id\":\"https:\\\/\\\/promocioeconomica.paeria.cat\\\/web\\\/empren-bio-4-0\\\/\",\"url\":\"https:\\\/\\\/promocioeconomica.paeria.cat\\\/web\\\/empren-bio-4-0\\\/\",\"name\":\"Empr\u00e8n BIO 4.0 - Promoci\u00f3 Econ\u00f2mica i Emprenedoria\",\"isPartOf\":{\"@id\":\"https:\\\/\\\/promocioeconomica.paeria.cat\\\/web\\\/#website\"},\"primaryImageOfPage\":{\"@id\":\"https:\\\/\\\/promocioeconomica.paeria.cat\\\/web\\\/empren-bio-4-0\\\/#primaryimage\"},\"image\":{\"@id\":\"https:\\\/\\\/promocioeconomica.paeria.cat\\\/web\\\/empren-bio-4-0\\\/#primaryimage\"},\"thumbnailUrl\":\"https:\\\/\\\/promocioeconomica.paeria.cat\\\/web\\\/wp-content\\\/uploads\\\/2024\\\/05\\\/emprenbio-1920x1200-1-300x188.jpg\",\"datePublished\":\"2024-05-23T18:21:49+00:00\",\"dateModified\":\"2025-05-27T09:18:26+00:00\",\"breadcrumb\":{\"@id\":\"https:\\\/\\\/promocioeconomica.paeria.cat\\\/web\\\/empren-bio-4-0\\\/#breadcrumb\"},\"inLanguage\":\"ca\",\"potentialAction\":[{\"@type\":\"ReadAction\",\"target\":[\"https:\\\/\\\/promocioeconomica.paeria.cat\\\/web\\\/empren-bio-4-0\\\/\"]}]},{\"@type\":\"ImageObject\",\"inLanguage\":\"ca\",\"@id\":\"https:\\\/\\\/promocioeconomica.paeria.cat\\\/web\\\/empren-bio-4-0\\\/#primaryimage\",\"url\":\"https:\\\/\\\/promocioeconomica.paeria.cat\\\/web\\\/wp-content\\\/uploads\\\/2024\\\/05\\\/emprenbio-1920x1200-1.jpg\",\"contentUrl\":\"https:\\\/\\\/promocioeconomica.paeria.cat\\\/web\\\/wp-content\\\/uploads\\\/2024\\\/05\\\/emprenbio-1920x1200-1.jpg\",\"width\":1920,\"height\":1200},{\"@type\":\"BreadcrumbList\",\"@id\":\"https:\\\/\\\/promocioeconomica.paeria.cat\\\/web\\\/empren-bio-4-0\\\/#breadcrumb\",\"itemListElement\":[{\"@type\":\"ListItem\",\"position\":1,\"name\":\"Inici\",\"item\":\"https:\\\/\\\/promocioeconomica.paeria.cat\\\/web\\\/\"},{\"@type\":\"ListItem\",\"position\":2,\"name\":\"Empr\u00e8n BIO 4.0\"}]},{\"@type\":\"WebSite\",\"@id\":\"https:\\\/\\\/promocioeconomica.paeria.cat\\\/web\\\/#website\",\"url\":\"https:\\\/\\\/promocioeconomica.paeria.cat\\\/web\\\/\",\"name\":\"Promoci\u00f3 Econ\u00f2mica i Emprenedoria\",\"description\":\"Regidoria de Promoci\u00f3 Econ\u00f2mica i Emprenedoria\",\"publisher\":{\"@id\":\"https:\\\/\\\/promocioeconomica.paeria.cat\\\/web\\\/#organization\"},\"potentialAction\":[{\"@type\":\"SearchAction\",\"target\":{\"@type\":\"EntryPoint\",\"urlTemplate\":\"https:\\\/\\\/promocioeconomica.paeria.cat\\\/web\\\/?s={search_term_string}\"},\"query-input\":{\"@type\":\"PropertyValueSpecification\",\"valueRequired\":true,\"valueName\":\"search_term_string\"}}],\"inLanguage\":\"ca\"},{\"@type\":\"Organization\",\"@id\":\"https:\\\/\\\/promocioeconomica.paeria.cat\\\/web\\\/#organization\",\"name\":\"Ajuntament de Lleida\",\"url\":\"https:\\\/\\\/promocioeconomica.paeria.cat\\\/web\\\/\",\"logo\":{\"@type\":\"ImageObject\",\"inLanguage\":\"ca\",\"@id\":\"https:\\\/\\\/promocioeconomica.paeria.cat\\\/web\\\/#\\\/schema\\\/logo\\\/image\\\/\",\"url\":\"https:\\\/\\\/promocioeconomica.paeria.cat\\\/web\\\/wp-content\\\/uploads\\\/2021\\\/06\\\/capcalera-promocio-economica.png\",\"contentUrl\":\"https:\\\/\\\/promocioeconomica.paeria.cat\\\/web\\\/wp-content\\\/uploads\\\/2021\\\/06\\\/capcalera-promocio-economica.png\",\"width\":1100,\"height\":221,\"caption\":\"Ajuntament de Lleida\"},\"image\":{\"@id\":\"https:\\\/\\\/promocioeconomica.paeria.cat\\\/web\\\/#\\\/schema\\\/logo\\\/image\\\/\"}}]}<\/script>\n<!-- \/ Yoast SEO plugin. -->","yoast_head_json":{"title":"Empr\u00e8n BIO 4.0 - Promoci\u00f3 Econ\u00f2mica i Emprenedoria","robots":{"index":"index","follow":"follow","max-snippet":"max-snippet:-1","max-image-preview":"max-image-preview:large","max-video-preview":"max-video-preview:-1"},"canonical":"https:\/\/promocioeconomica.paeria.cat\/web\/empren-bio-4-0\/","og_locale":"ca_ES","og_type":"article","og_title":"Empr\u00e8n BIO 4.0 - Promoci\u00f3 Econ\u00f2mica i Emprenedoria","og_description":"Tens una idea o projecte d\u2019emprenedoria relacionat amb la bioeconomia, l&#8217;economia regenerativa, verda o circular?&nbsp; Vols esbrinar quines oportunitats t\u2019ofereixen les tecnologies per desenvolupar el teu projecte? Vols rebre formaci\u00f3 i suport professional per impulsar el teu projecte? Voldries contrastar el teu projecte amb persones expertes i empreses del sector? Empr\u00e8n BIO 4.0 \u00e9s un ... Llegiu m\u00e9s","og_url":"https:\/\/promocioeconomica.paeria.cat\/web\/empren-bio-4-0\/","og_site_name":"Promoci\u00f3 Econ\u00f2mica i Emprenedoria","article_modified_time":"2025-05-27T09:18:26+00:00","og_image":[{"url":"https:\/\/promocioeconomica.paeria.cat\/web\/wp-content\/uploads\/2024\/05\/emprenbio-1920x1200-1-300x188.jpg","type":"","width":"","height":""}],"twitter_card":"summary_large_image","twitter_misc":{"Temps estimat de lectura":"2 minuts"},"schema":{"@context":"https:\/\/schema.org","@graph":[{"@type":"WebPage","@id":"https:\/\/promocioeconomica.paeria.cat\/web\/empren-bio-4-0\/","url":"https:\/\/promocioeconomica.paeria.cat\/web\/empren-bio-4-0\/","name":"Empr\u00e8n BIO 4.0 - Promoci\u00f3 Econ\u00f2mica i Emprenedoria","isPartOf":{"@id":"https:\/\/promocioeconomica.paeria.cat\/web\/#website"},"primaryImageOfPage":{"@id":"https:\/\/promocioeconomica.paeria.cat\/web\/empren-bio-4-0\/#primaryimage"},"image":{"@id":"https:\/\/promocioeconomica.paeria.cat\/web\/empren-bio-4-0\/#primaryimage"},"thumbnailUrl":"https:\/\/promocioeconomica.paeria.cat\/web\/wp-content\/uploads\/2024\/05\/emprenbio-1920x1200-1-300x188.jpg","datePublished":"2024-05-23T18:21:49+00:00","dateModified":"2025-05-27T09:18:26+00:00","breadcrumb":{"@id":"https:\/\/promocioeconomica.paeria.cat\/web\/empren-bio-4-0\/#breadcrumb"},"inLanguage":"ca","potentialAction":[{"@type":"ReadAction","target":["https:\/\/promocioeconomica.paeria.cat\/web\/empren-bio-4-0\/"]}]},{"@type":"ImageObject","inLanguage":"ca","@id":"https:\/\/promocioeconomica.paeria.cat\/web\/empren-bio-4-0\/#primaryimage","url":"https:\/\/promocioeconomica.paeria.cat\/web\/wp-content\/uploads\/2024\/05\/emprenbio-1920x1200-1.jpg","contentUrl":"https:\/\/promocioeconomica.paeria.cat\/web\/wp-content\/uploads\/2024\/05\/emprenbio-1920x1200-1.jpg","width":1920,"height":1200},{"@type":"BreadcrumbList","@id":"https:\/\/promocioeconomica.paeria.cat\/web\/empren-bio-4-0\/#breadcrumb","itemListElement":[{"@type":"ListItem","position":1,"name":"Inici","item":"https:\/\/promocioeconomica.paeria.cat\/web\/"},{"@type":"ListItem","position":2,"name":"Empr\u00e8n BIO 4.0"}]},{"@type":"WebSite","@id":"https:\/\/promocioeconomica.paeria.cat\/web\/#website","url":"https:\/\/promocioeconomica.paeria.cat\/web\/","name":"Promoci\u00f3 Econ\u00f2mica i Emprenedoria","description":"Regidoria de Promoci\u00f3 Econ\u00f2mica i Emprenedoria","publisher":{"@id":"https:\/\/promocioeconomica.paeria.cat\/web\/#organization"},"potentialAction":[{"@type":"SearchAction","target":{"@type":"EntryPoint","urlTemplate":"https:\/\/promocioeconomica.paeria.cat\/web\/?s={search_term_string}"},"query-input":{"@type":"PropertyValueSpecification","valueRequired":true,"valueName":"search_term_string"}}],"inLanguage":"ca"},{"@type":"Organization","@id":"https:\/\/promocioeconomica.paeria.cat\/web\/#organization","name":"Ajuntament de Lleida","url":"https:\/\/promocioeconomica.paeria.cat\/web\/","logo":{"@type":"ImageObject","inLanguage":"ca","@id":"https:\/\/promocioeconomica.paeria.cat\/web\/#\/schema\/logo\/image\/","url":"https:\/\/promocioeconomica.paeria.cat\/web\/wp-content\/uploads\/2021\/06\/capcalera-promocio-economica.png","contentUrl":"https:\/\/promocioeconomica.paeria.cat\/web\/wp-content\/uploads\/2021\/06\/capcalera-promocio-economica.png","width":1100,"height":221,"caption":"Ajuntament de Lleida"},"image":{"@id":"https:\/\/promocioeconomica.paeria.cat\/web\/#\/schema\/logo\/image\/"}}]}},"_links":{"self":[{"href":"https:\/\/promocioeconomica.paeria.cat\/web\/wp-json\/wp\/v2\/pages\/2138","targetHints":{"allow":["GET"]}}],"collection":[{"href":"https:\/\/promocioeconomica.paeria.cat\/web\/wp-json\/wp\/v2\/pages"}],"about":[{"href":"https:\/\/promocioeconomica.paeria.cat\/web\/wp-json\/wp\/v2\/types\/page"}],"author":[{"embeddable":true,"href":"https:\/\/promocioeconomica.paeria.cat\/web\/wp-json\/wp\/v2\/users\/14"}],"replies":[{"embeddable":true,"href":"https:\/\/promocioeconomica.paeria.cat\/web\/wp-json\/wp\/v2\/comments?post=2138"}],"version-history":[{"count":25,"href":"https:\/\/promocioeconomica.paeria.cat\/web\/wp-json\/wp\/v2\/pages\/2138\/revisions"}],"predecessor-version":[{"id":2835,"href":"https:\/\/promocioeconomica.paeria.cat\/web\/wp-json\/wp\/v2\/pages\/2138\/revisions\/2835"}],"wp:attachment":[{"href":"https:\/\/promocioeconomica.paeria.cat\/web\/wp-json\/wp\/v2\/media?parent=2138"}],"curies":[{"name":"wp","href":"https:\/\/api.w.org\/{rel}","templated":true}]}}