{"id":2949,"date":"2025-09-24T15:49:16","date_gmt":"2025-09-24T13:49:16","guid":{"rendered":"https:\/\/promocioeconomica.paeria.cat\/web\/?page_id=2949"},"modified":"2025-09-25T15:41:29","modified_gmt":"2025-09-25T13:41:29","slug":"capsula-formativa-com-aplicar-el-marketing-digital-al-meu-negocia-06-10-2025","status":"publish","type":"page","link":"https:\/\/promocioeconomica.paeria.cat\/web\/capsula-formativa-com-aplicar-el-marketing-digital-al-meu-negocia-06-10-2025\/","title":{"rendered":"\u201cC\u00e0psula formativa: Com aplicar el m\u00e0rqueting digital al teu negoci\u201d \u2013 6 i\u00a08\u00a0d\u2019octubre"},"content":{"rendered":"\t\t<div data-elementor-type=\"wp-page\" data-elementor-id=\"2949\" class=\"elementor elementor-2949\">\n\t\t\t\t\t\t<section class=\"elementor-section elementor-top-section elementor-element elementor-element-81183f3 elementor-section-boxed elementor-section-height-default elementor-section-height-default\" data-id=\"81183f3\" data-element_type=\"section\" data-e-type=\"section\">\n\t\t\t\t\t\t<div class=\"elementor-container elementor-column-gap-default\">\n\t\t\t\t\t<div class=\"elementor-column elementor-col-100 elementor-top-column elementor-element elementor-element-dbe0a4b\" data-id=\"dbe0a4b\" data-element_type=\"column\" data-e-type=\"column\">\n\t\t\t<div class=\"elementor-widget-wrap elementor-element-populated\">\n\t\t\t\t\t\t<div class=\"elementor-element elementor-element-115ba4b elementor-widget elementor-widget-image\" data-id=\"115ba4b\" data-element_type=\"widget\" data-e-type=\"widget\" data-widget_type=\"image.default\">\n\t\t\t\t<div class=\"elementor-widget-container\">\n\t\t\t\t\t\t\t\t\t\t\t\t\t\t\t<img fetchpriority=\"high\" decoding=\"async\" width=\"787\" height=\"223\" src=\"https:\/\/promocioeconomica.paeria.cat\/web\/wp-content\/uploads\/2025\/09\/capsula-formativa-innovar-en-el-model-de-negoci-promocio-economica-ajuntament-de-lleida-2025-1.png\" class=\"attachment-large size-large wp-image-2962\" alt=\"\" srcset=\"https:\/\/promocioeconomica.paeria.cat\/web\/wp-content\/uploads\/2025\/09\/capsula-formativa-innovar-en-el-model-de-negoci-promocio-economica-ajuntament-de-lleida-2025-1.png 787w, https:\/\/promocioeconomica.paeria.cat\/web\/wp-content\/uploads\/2025\/09\/capsula-formativa-innovar-en-el-model-de-negoci-promocio-economica-ajuntament-de-lleida-2025-1-300x85.png 300w, https:\/\/promocioeconomica.paeria.cat\/web\/wp-content\/uploads\/2025\/09\/capsula-formativa-innovar-en-el-model-de-negoci-promocio-economica-ajuntament-de-lleida-2025-1-768x218.png 768w\" sizes=\"(max-width: 787px) 100vw, 787px\" \/>\t\t\t\t\t\t\t\t\t\t\t\t\t\t\t<\/div>\n\t\t\t\t<\/div>\n\t\t\t\t\t<\/div>\n\t\t<\/div>\n\t\t\t\t\t<\/div>\n\t\t<\/section>\n\t\t\t\t<section class=\"elementor-section elementor-top-section elementor-element elementor-element-41a0732 elementor-section-boxed elementor-section-height-default elementor-section-height-default\" data-id=\"41a0732\" data-element_type=\"section\" data-e-type=\"section\">\n\t\t\t\t\t\t<div class=\"elementor-container elementor-column-gap-default\">\n\t\t\t\t\t<div class=\"elementor-column elementor-col-50 elementor-top-column elementor-element elementor-element-edb3e04\" data-id=\"edb3e04\" data-element_type=\"column\" data-e-type=\"column\">\n\t\t\t<div class=\"elementor-widget-wrap elementor-element-populated\">\n\t\t\t\t\t\t<div class=\"elementor-element elementor-element-b973699 elementor-widget elementor-widget-text-editor\" data-id=\"b973699\" data-element_type=\"widget\" data-e-type=\"widget\" data-widget_type=\"text-editor.default\">\n\t\t\t\t<div class=\"elementor-widget-container\">\n\t\t\t\t\t\t\t\t\t<p><b>COM APLICAR EL M\u00c0RQUETING DIGITAL AL TEU NEGOCI<\/b><\/p><p>La formaci\u00f3 anir\u00e0 a c\u00e0rrec de <b>Luis Francisco Casado<\/b>, soci director de <i>Marketing Gabinet<\/i>, i t\u00e9 com a objectiu aportar eines per integrar el m\u00e0rqueting digital en l\u2019estrat\u00e8gia de qualsevol empresa o projecte. Es tracta d\u2019aprendre a aprofitar les eines online per guanyar visibilitat, connectar amb el teu p\u00fablic i diferenciar-te en un mercat cada vegada m\u00e9s competitiu.<\/p><p>A trav\u00e9s d\u2019aquesta formaci\u00f3 descobrir\u00e0s com aplicar estrat\u00e8gies de SEO, xarxes socials, email m\u00e0rqueting, contingut web i publicitat digital; com dissenyar un pla de m\u00e0rqueting efectiu amb enfocament <i>Inbound<\/i>; quines t\u00e8cniques i tend\u00e8ncies actuals cal tenir en compte; i com millorar la teva pres\u00e8ncia digital per optimitzar les accions comercials i atraure clients.<\/p><p>Aquesta formaci\u00f3 \u00e9s ideal per a persones amb projectes emprenedors, empreses de nova creaci\u00f3 o consolidades, professionals aut\u00f2noms i qualsevol persona que vulgui donar un impuls al seu producte o servei a trav\u00e9s d\u2019una estrat\u00e8gia digital s\u00f2lida.<\/p><ul><li><b>Dies<\/b>: 6 i 8 d\u2019octubre de 2025<\/li><li><b>Hora<\/b>: de 16 h a 19 h els dos dies (durada total 6 hores)<\/li><li><b>Ubicaci\u00f3<\/b>: en l\u00ednia (no presencial)<\/li><\/ul><p>*Formaci\u00f3 100% subvencionada.<\/p>\t\t\t\t\t\t\t\t<\/div>\n\t\t\t\t<\/div>\n\t\t\t\t\t<\/div>\n\t\t<\/div>\n\t\t\t\t<div class=\"elementor-column elementor-col-50 elementor-top-column elementor-element elementor-element-a9ef1a9\" data-id=\"a9ef1a9\" data-element_type=\"column\" data-e-type=\"column\">\n\t\t\t<div class=\"elementor-widget-wrap elementor-element-populated\">\n\t\t\t\t\t\t<div class=\"elementor-element elementor-element-f213445 elementor-align-center elementor-widget elementor-widget-button\" data-id=\"f213445\" data-element_type=\"widget\" data-e-type=\"widget\" data-widget_type=\"button.default\">\n\t\t\t\t<div class=\"elementor-widget-container\">\n\t\t\t\t\t\t\t\t\t<div class=\"elementor-button-wrapper\">\n\t\t\t\t\t<a class=\"elementor-button elementor-button-link elementor-size-xl\" href=\"https:\/\/promocioeconomica.paeria.cat\/web\/wp-content\/uploads\/2025\/09\/Cartell_Marqueting-digital.pdf\" target=\"_blank\">\n\t\t\t\t\t\t<span class=\"elementor-button-content-wrapper\">\n\t\t\t\t\t\t\t\t\t<span class=\"elementor-button-text\">Descarrega aqu\u00ed m\u00e9s informaci\u00f3<\/span>\n\t\t\t\t\t<\/span>\n\t\t\t\t\t<\/a>\n\t\t\t\t<\/div>\n\t\t\t\t\t\t\t\t<\/div>\n\t\t\t\t<\/div>\n\t\t\t\t\t<\/div>\n\t\t<\/div>\n\t\t\t\t\t<\/div>\n\t\t<\/section>\n\t\t\t\t<section class=\"elementor-section elementor-top-section elementor-element elementor-element-e3f6754 elementor-section-boxed elementor-section-height-default elementor-section-height-default\" data-id=\"e3f6754\" data-element_type=\"section\" data-e-type=\"section\">\n\t\t\t\t\t\t<div class=\"elementor-container elementor-column-gap-default\">\n\t\t\t\t\t<div class=\"elementor-column elementor-col-100 elementor-top-column elementor-element elementor-element-5d2f150\" data-id=\"5d2f150\" data-element_type=\"column\" data-e-type=\"column\">\n\t\t\t<div class=\"elementor-widget-wrap elementor-element-populated\">\n\t\t\t\t\t\t<div class=\"elementor-element elementor-element-2399d0c elementor-align-left elementor-widget elementor-widget-button\" data-id=\"2399d0c\" data-element_type=\"widget\" data-e-type=\"widget\" data-widget_type=\"button.default\">\n\t\t\t\t<div class=\"elementor-widget-container\">\n\t\t\t\t\t\t\t\t\t<div class=\"elementor-button-wrapper\">\n\t\t\t\t\t<a class=\"elementor-button elementor-button-link elementor-size-sm\" href=\"https:\/\/forms.office.com\/e\/qWp8pGnVL2\" target=\"_blank\">\n\t\t\t\t\t\t<span class=\"elementor-button-content-wrapper\">\n\t\t\t\t\t\t\t\t\t<span class=\"elementor-button-text\">INSCRIU-TE!<\/span>\n\t\t\t\t\t<\/span>\n\t\t\t\t\t<\/a>\n\t\t\t\t<\/div>\n\t\t\t\t\t\t\t\t<\/div>\n\t\t\t\t<\/div>\n\t\t\t\t\t<\/div>\n\t\t<\/div>\n\t\t\t\t\t<\/div>\n\t\t<\/section>\n\t\t\t\t<\/div>\n\t\t","protected":false},"excerpt":{"rendered":"<p>COM APLICAR EL M\u00c0RQUETING DIGITAL AL TEU NEGOCI La formaci\u00f3 anir\u00e0 a c\u00e0rrec de Luis Francisco Casado, soci director de Marketing Gabinet, i t\u00e9 com a objectiu aportar eines per integrar el m\u00e0rqueting digital en l\u2019estrat\u00e8gia de qualsevol empresa o projecte. Es tracta d\u2019aprendre a aprofitar les eines online per guanyar visibilitat, connectar amb el &#8230; <a title=\"\u201cC\u00e0psula formativa: Com aplicar el m\u00e0rqueting digital al teu negoci\u201d \u2013 6 i\u00a08\u00a0d\u2019octubre\" class=\"read-more\" href=\"https:\/\/promocioeconomica.paeria.cat\/web\/capsula-formativa-com-aplicar-el-marketing-digital-al-meu-negocia-06-10-2025\/\" aria-label=\"M\u00e9s informaci\u00f3 sobre \u201cC\u00e0psula formativa: Com aplicar el m\u00e0rqueting digital al teu negoci\u201d \u2013 6 i\u00a08\u00a0d\u2019octubre\">Llegiu m\u00e9s<\/a><\/p>\n","protected":false},"author":17,"featured_media":0,"parent":0,"menu_order":0,"comment_status":"closed","ping_status":"closed","template":"","meta":{"_sitemap_exclude":false,"_sitemap_priority":"","_sitemap_frequency":"","footnotes":""},"class_list":["post-2949","page","type-page","status-publish"],"yoast_head":"<!-- This site is optimized with the Yoast SEO plugin v27.4 - https:\/\/yoast.com\/product\/yoast-seo-wordpress\/ -->\n<title>\u201cC\u00e0psula formativa: Com aplicar el m\u00e0rqueting digital al teu negoci\u201d \u2013 6 i\u00a08\u00a0d\u2019octubre - Promoci\u00f3 Econ\u00f2mica i Emprenedoria<\/title>\n<meta name=\"robots\" content=\"index, follow, max-snippet:-1, max-image-preview:large, max-video-preview:-1\" \/>\n<link rel=\"canonical\" href=\"https:\/\/promocioeconomica.paeria.cat\/web\/capsula-formativa-com-aplicar-el-marketing-digital-al-meu-negocia-06-10-2025\/\" \/>\n<meta property=\"og:locale\" content=\"ca_ES\" \/>\n<meta property=\"og:type\" content=\"article\" \/>\n<meta property=\"og:title\" content=\"\u201cC\u00e0psula formativa: Com aplicar el m\u00e0rqueting digital al teu negoci\u201d \u2013 6 i\u00a08\u00a0d\u2019octubre - Promoci\u00f3 Econ\u00f2mica i Emprenedoria\" \/>\n<meta property=\"og:description\" content=\"COM APLICAR EL M\u00c0RQUETING DIGITAL AL TEU NEGOCI La formaci\u00f3 anir\u00e0 a c\u00e0rrec de Luis Francisco Casado, soci director de Marketing Gabinet, i t\u00e9 com a objectiu aportar eines per integrar el m\u00e0rqueting digital en l\u2019estrat\u00e8gia de qualsevol empresa o projecte. Es tracta d\u2019aprendre a aprofitar les eines online per guanyar visibilitat, connectar amb el ... Llegiu m\u00e9s\" \/>\n<meta property=\"og:url\" content=\"https:\/\/promocioeconomica.paeria.cat\/web\/capsula-formativa-com-aplicar-el-marketing-digital-al-meu-negocia-06-10-2025\/\" \/>\n<meta property=\"og:site_name\" content=\"Promoci\u00f3 Econ\u00f2mica i Emprenedoria\" \/>\n<meta property=\"article:modified_time\" content=\"2025-09-25T13:41:29+00:00\" \/>\n<meta property=\"og:image\" content=\"https:\/\/promocioeconomica.paeria.cat\/web\/wp-content\/uploads\/2025\/09\/capsula-formativa-innovar-en-el-model-de-negoci-promocio-economica-ajuntament-de-lleida-2025-1.png\" \/>\n<meta name=\"twitter:card\" content=\"summary_large_image\" \/>\n<meta name=\"twitter:label1\" content=\"Temps estimat de lectura\" \/>\n\t<meta name=\"twitter:data1\" content=\"2 minuts\" \/>\n<script type=\"application\/ld+json\" class=\"yoast-schema-graph\">{\"@context\":\"https:\\\/\\\/schema.org\",\"@graph\":[{\"@type\":\"WebPage\",\"@id\":\"https:\\\/\\\/promocioeconomica.paeria.cat\\\/web\\\/capsula-formativa-com-aplicar-el-marketing-digital-al-meu-negocia-06-10-2025\\\/\",\"url\":\"https:\\\/\\\/promocioeconomica.paeria.cat\\\/web\\\/capsula-formativa-com-aplicar-el-marketing-digital-al-meu-negocia-06-10-2025\\\/\",\"name\":\"\u201cC\u00e0psula formativa: Com aplicar el m\u00e0rqueting digital al teu negoci\u201d \u2013 6 i\u00a08\u00a0d\u2019octubre - Promoci\u00f3 Econ\u00f2mica i Emprenedoria\",\"isPartOf\":{\"@id\":\"https:\\\/\\\/promocioeconomica.paeria.cat\\\/web\\\/#website\"},\"primaryImageOfPage\":{\"@id\":\"https:\\\/\\\/promocioeconomica.paeria.cat\\\/web\\\/capsula-formativa-com-aplicar-el-marketing-digital-al-meu-negocia-06-10-2025\\\/#primaryimage\"},\"image\":{\"@id\":\"https:\\\/\\\/promocioeconomica.paeria.cat\\\/web\\\/capsula-formativa-com-aplicar-el-marketing-digital-al-meu-negocia-06-10-2025\\\/#primaryimage\"},\"thumbnailUrl\":\"https:\\\/\\\/promocioeconomica.paeria.cat\\\/web\\\/wp-content\\\/uploads\\\/2025\\\/09\\\/capsula-formativa-innovar-en-el-model-de-negoci-promocio-economica-ajuntament-de-lleida-2025-1.png\",\"datePublished\":\"2025-09-24T13:49:16+00:00\",\"dateModified\":\"2025-09-25T13:41:29+00:00\",\"breadcrumb\":{\"@id\":\"https:\\\/\\\/promocioeconomica.paeria.cat\\\/web\\\/capsula-formativa-com-aplicar-el-marketing-digital-al-meu-negocia-06-10-2025\\\/#breadcrumb\"},\"inLanguage\":\"ca\",\"potentialAction\":[{\"@type\":\"ReadAction\",\"target\":[\"https:\\\/\\\/promocioeconomica.paeria.cat\\\/web\\\/capsula-formativa-com-aplicar-el-marketing-digital-al-meu-negocia-06-10-2025\\\/\"]}]},{\"@type\":\"ImageObject\",\"inLanguage\":\"ca\",\"@id\":\"https:\\\/\\\/promocioeconomica.paeria.cat\\\/web\\\/capsula-formativa-com-aplicar-el-marketing-digital-al-meu-negocia-06-10-2025\\\/#primaryimage\",\"url\":\"https:\\\/\\\/promocioeconomica.paeria.cat\\\/web\\\/wp-content\\\/uploads\\\/2025\\\/09\\\/capsula-formativa-innovar-en-el-model-de-negoci-promocio-economica-ajuntament-de-lleida-2025-1.png\",\"contentUrl\":\"https:\\\/\\\/promocioeconomica.paeria.cat\\\/web\\\/wp-content\\\/uploads\\\/2025\\\/09\\\/capsula-formativa-innovar-en-el-model-de-negoci-promocio-economica-ajuntament-de-lleida-2025-1.png\",\"width\":787,\"height\":223},{\"@type\":\"BreadcrumbList\",\"@id\":\"https:\\\/\\\/promocioeconomica.paeria.cat\\\/web\\\/capsula-formativa-com-aplicar-el-marketing-digital-al-meu-negocia-06-10-2025\\\/#breadcrumb\",\"itemListElement\":[{\"@type\":\"ListItem\",\"position\":1,\"name\":\"Inici\",\"item\":\"https:\\\/\\\/promocioeconomica.paeria.cat\\\/web\\\/\"},{\"@type\":\"ListItem\",\"position\":2,\"name\":\"\u201cC\u00e0psula formativa: Com aplicar el m\u00e0rqueting digital al teu negoci\u201d \u2013 6 i\u00a08\u00a0d\u2019octubre\"}]},{\"@type\":\"WebSite\",\"@id\":\"https:\\\/\\\/promocioeconomica.paeria.cat\\\/web\\\/#website\",\"url\":\"https:\\\/\\\/promocioeconomica.paeria.cat\\\/web\\\/\",\"name\":\"Promoci\u00f3 Econ\u00f2mica i Emprenedoria\",\"description\":\"Regidoria de Promoci\u00f3 Econ\u00f2mica i Emprenedoria\",\"publisher\":{\"@id\":\"https:\\\/\\\/promocioeconomica.paeria.cat\\\/web\\\/#organization\"},\"potentialAction\":[{\"@type\":\"SearchAction\",\"target\":{\"@type\":\"EntryPoint\",\"urlTemplate\":\"https:\\\/\\\/promocioeconomica.paeria.cat\\\/web\\\/?s={search_term_string}\"},\"query-input\":{\"@type\":\"PropertyValueSpecification\",\"valueRequired\":true,\"valueName\":\"search_term_string\"}}],\"inLanguage\":\"ca\"},{\"@type\":\"Organization\",\"@id\":\"https:\\\/\\\/promocioeconomica.paeria.cat\\\/web\\\/#organization\",\"name\":\"Ajuntament de Lleida\",\"url\":\"https:\\\/\\\/promocioeconomica.paeria.cat\\\/web\\\/\",\"logo\":{\"@type\":\"ImageObject\",\"inLanguage\":\"ca\",\"@id\":\"https:\\\/\\\/promocioeconomica.paeria.cat\\\/web\\\/#\\\/schema\\\/logo\\\/image\\\/\",\"url\":\"https:\\\/\\\/promocioeconomica.paeria.cat\\\/web\\\/wp-content\\\/uploads\\\/2021\\\/06\\\/capcalera-promocio-economica.png\",\"contentUrl\":\"https:\\\/\\\/promocioeconomica.paeria.cat\\\/web\\\/wp-content\\\/uploads\\\/2021\\\/06\\\/capcalera-promocio-economica.png\",\"width\":1100,\"height\":221,\"caption\":\"Ajuntament de Lleida\"},\"image\":{\"@id\":\"https:\\\/\\\/promocioeconomica.paeria.cat\\\/web\\\/#\\\/schema\\\/logo\\\/image\\\/\"}}]}<\/script>\n<!-- \/ Yoast SEO plugin. -->","yoast_head_json":{"title":"\u201cC\u00e0psula formativa: Com aplicar el m\u00e0rqueting digital al teu negoci\u201d \u2013 6 i\u00a08\u00a0d\u2019octubre - Promoci\u00f3 Econ\u00f2mica i Emprenedoria","robots":{"index":"index","follow":"follow","max-snippet":"max-snippet:-1","max-image-preview":"max-image-preview:large","max-video-preview":"max-video-preview:-1"},"canonical":"https:\/\/promocioeconomica.paeria.cat\/web\/capsula-formativa-com-aplicar-el-marketing-digital-al-meu-negocia-06-10-2025\/","og_locale":"ca_ES","og_type":"article","og_title":"\u201cC\u00e0psula formativa: Com aplicar el m\u00e0rqueting digital al teu negoci\u201d \u2013 6 i\u00a08\u00a0d\u2019octubre - Promoci\u00f3 Econ\u00f2mica i Emprenedoria","og_description":"COM APLICAR EL M\u00c0RQUETING DIGITAL AL TEU NEGOCI La formaci\u00f3 anir\u00e0 a c\u00e0rrec de Luis Francisco Casado, soci director de Marketing Gabinet, i t\u00e9 com a objectiu aportar eines per integrar el m\u00e0rqueting digital en l\u2019estrat\u00e8gia de qualsevol empresa o projecte. Es tracta d\u2019aprendre a aprofitar les eines online per guanyar visibilitat, connectar amb el ... Llegiu m\u00e9s","og_url":"https:\/\/promocioeconomica.paeria.cat\/web\/capsula-formativa-com-aplicar-el-marketing-digital-al-meu-negocia-06-10-2025\/","og_site_name":"Promoci\u00f3 Econ\u00f2mica i Emprenedoria","article_modified_time":"2025-09-25T13:41:29+00:00","og_image":[{"url":"https:\/\/promocioeconomica.paeria.cat\/web\/wp-content\/uploads\/2025\/09\/capsula-formativa-innovar-en-el-model-de-negoci-promocio-economica-ajuntament-de-lleida-2025-1.png","type":"","width":"","height":""}],"twitter_card":"summary_large_image","twitter_misc":{"Temps estimat de lectura":"2 minuts"},"schema":{"@context":"https:\/\/schema.org","@graph":[{"@type":"WebPage","@id":"https:\/\/promocioeconomica.paeria.cat\/web\/capsula-formativa-com-aplicar-el-marketing-digital-al-meu-negocia-06-10-2025\/","url":"https:\/\/promocioeconomica.paeria.cat\/web\/capsula-formativa-com-aplicar-el-marketing-digital-al-meu-negocia-06-10-2025\/","name":"\u201cC\u00e0psula formativa: Com aplicar el m\u00e0rqueting digital al teu negoci\u201d \u2013 6 i\u00a08\u00a0d\u2019octubre - Promoci\u00f3 Econ\u00f2mica i Emprenedoria","isPartOf":{"@id":"https:\/\/promocioeconomica.paeria.cat\/web\/#website"},"primaryImageOfPage":{"@id":"https:\/\/promocioeconomica.paeria.cat\/web\/capsula-formativa-com-aplicar-el-marketing-digital-al-meu-negocia-06-10-2025\/#primaryimage"},"image":{"@id":"https:\/\/promocioeconomica.paeria.cat\/web\/capsula-formativa-com-aplicar-el-marketing-digital-al-meu-negocia-06-10-2025\/#primaryimage"},"thumbnailUrl":"https:\/\/promocioeconomica.paeria.cat\/web\/wp-content\/uploads\/2025\/09\/capsula-formativa-innovar-en-el-model-de-negoci-promocio-economica-ajuntament-de-lleida-2025-1.png","datePublished":"2025-09-24T13:49:16+00:00","dateModified":"2025-09-25T13:41:29+00:00","breadcrumb":{"@id":"https:\/\/promocioeconomica.paeria.cat\/web\/capsula-formativa-com-aplicar-el-marketing-digital-al-meu-negocia-06-10-2025\/#breadcrumb"},"inLanguage":"ca","potentialAction":[{"@type":"ReadAction","target":["https:\/\/promocioeconomica.paeria.cat\/web\/capsula-formativa-com-aplicar-el-marketing-digital-al-meu-negocia-06-10-2025\/"]}]},{"@type":"ImageObject","inLanguage":"ca","@id":"https:\/\/promocioeconomica.paeria.cat\/web\/capsula-formativa-com-aplicar-el-marketing-digital-al-meu-negocia-06-10-2025\/#primaryimage","url":"https:\/\/promocioeconomica.paeria.cat\/web\/wp-content\/uploads\/2025\/09\/capsula-formativa-innovar-en-el-model-de-negoci-promocio-economica-ajuntament-de-lleida-2025-1.png","contentUrl":"https:\/\/promocioeconomica.paeria.cat\/web\/wp-content\/uploads\/2025\/09\/capsula-formativa-innovar-en-el-model-de-negoci-promocio-economica-ajuntament-de-lleida-2025-1.png","width":787,"height":223},{"@type":"BreadcrumbList","@id":"https:\/\/promocioeconomica.paeria.cat\/web\/capsula-formativa-com-aplicar-el-marketing-digital-al-meu-negocia-06-10-2025\/#breadcrumb","itemListElement":[{"@type":"ListItem","position":1,"name":"Inici","item":"https:\/\/promocioeconomica.paeria.cat\/web\/"},{"@type":"ListItem","position":2,"name":"\u201cC\u00e0psula formativa: Com aplicar el m\u00e0rqueting digital al teu negoci\u201d \u2013 6 i\u00a08\u00a0d\u2019octubre"}]},{"@type":"WebSite","@id":"https:\/\/promocioeconomica.paeria.cat\/web\/#website","url":"https:\/\/promocioeconomica.paeria.cat\/web\/","name":"Promoci\u00f3 Econ\u00f2mica i Emprenedoria","description":"Regidoria de Promoci\u00f3 Econ\u00f2mica i Emprenedoria","publisher":{"@id":"https:\/\/promocioeconomica.paeria.cat\/web\/#organization"},"potentialAction":[{"@type":"SearchAction","target":{"@type":"EntryPoint","urlTemplate":"https:\/\/promocioeconomica.paeria.cat\/web\/?s={search_term_string}"},"query-input":{"@type":"PropertyValueSpecification","valueRequired":true,"valueName":"search_term_string"}}],"inLanguage":"ca"},{"@type":"Organization","@id":"https:\/\/promocioeconomica.paeria.cat\/web\/#organization","name":"Ajuntament de Lleida","url":"https:\/\/promocioeconomica.paeria.cat\/web\/","logo":{"@type":"ImageObject","inLanguage":"ca","@id":"https:\/\/promocioeconomica.paeria.cat\/web\/#\/schema\/logo\/image\/","url":"https:\/\/promocioeconomica.paeria.cat\/web\/wp-content\/uploads\/2021\/06\/capcalera-promocio-economica.png","contentUrl":"https:\/\/promocioeconomica.paeria.cat\/web\/wp-content\/uploads\/2021\/06\/capcalera-promocio-economica.png","width":1100,"height":221,"caption":"Ajuntament de Lleida"},"image":{"@id":"https:\/\/promocioeconomica.paeria.cat\/web\/#\/schema\/logo\/image\/"}}]}},"_links":{"self":[{"href":"https:\/\/promocioeconomica.paeria.cat\/web\/wp-json\/wp\/v2\/pages\/2949","targetHints":{"allow":["GET"]}}],"collection":[{"href":"https:\/\/promocioeconomica.paeria.cat\/web\/wp-json\/wp\/v2\/pages"}],"about":[{"href":"https:\/\/promocioeconomica.paeria.cat\/web\/wp-json\/wp\/v2\/types\/page"}],"author":[{"embeddable":true,"href":"https:\/\/promocioeconomica.paeria.cat\/web\/wp-json\/wp\/v2\/users\/17"}],"replies":[{"embeddable":true,"href":"https:\/\/promocioeconomica.paeria.cat\/web\/wp-json\/wp\/v2\/comments?post=2949"}],"version-history":[{"count":36,"href":"https:\/\/promocioeconomica.paeria.cat\/web\/wp-json\/wp\/v2\/pages\/2949\/revisions"}],"predecessor-version":[{"id":3009,"href":"https:\/\/promocioeconomica.paeria.cat\/web\/wp-json\/wp\/v2\/pages\/2949\/revisions\/3009"}],"wp:attachment":[{"href":"https:\/\/promocioeconomica.paeria.cat\/web\/wp-json\/wp\/v2\/media?parent=2949"}],"curies":[{"name":"wp","href":"https:\/\/api.w.org\/{rel}","templated":true}]}}