{"id":2983,"date":"2025-09-24T16:47:45","date_gmt":"2025-09-24T14:47:45","guid":{"rendered":"https:\/\/promocioeconomica.paeria.cat\/web\/?page_id=2983"},"modified":"2025-09-25T10:44:13","modified_gmt":"2025-09-25T08:44:13","slug":"forum-dinversio-agrobiotech-lleida","status":"publish","type":"page","link":"https:\/\/promocioeconomica.paeria.cat\/web\/forum-dinversio-agrobiotech-lleida\/","title":{"rendered":"F\u00f2rum d&#8217;inversi\u00f3 AGROBIOTECH LLEIDA"},"content":{"rendered":"<p><img fetchpriority=\"high\" decoding=\"async\" src=\"https:\/\/promocioeconomica.paeria.cat\/web\/wp-content\/uploads\/2025\/09\/agrobiotech-1024x393.jpg\" sizes=\"(max-width: 1024px) 100vw, 1024px\" srcset=\"https:\/\/promocioeconomica.paeria.cat\/web\/wp-content\/uploads\/2025\/09\/agrobiotech-1024x393.jpg 1024w, https:\/\/promocioeconomica.paeria.cat\/web\/wp-content\/uploads\/2025\/09\/agrobiotech-300x115.jpg 300w, https:\/\/promocioeconomica.paeria.cat\/web\/wp-content\/uploads\/2025\/09\/agrobiotech-768x294.jpg 768w, https:\/\/promocioeconomica.paeria.cat\/web\/wp-content\/uploads\/2025\/09\/agrobiotech-1536x589.jpg 1536w, https:\/\/promocioeconomica.paeria.cat\/web\/wp-content\/uploads\/2025\/09\/agrobiotech-2048x785.jpg 2048w\" alt=\"\" width=\"1024\" height=\"393\" \/><\/p>\n<p><strong>Dimecres 26 de novembre de 2025<\/strong>, tindra lloc a Lleida el primer Forum d&#8217;Inversi\u00f3 <strong>AGROBIOTECH LLEIDA<\/strong> en el marc de la Fira Agrobiotech Innovation Forum.<\/p>\n<p>El F\u00f2rum d&#8217;Inversi\u00f3 AGROBIOTECH LLEIDA \u00e9s una iniciativa p\u00fablico-privada per apropar la inversi\u00f3 a l&#8217;ecosistema emprenedor de les Terres de Lleida, i esdevenir el punt de trobada entre empreses i startups que cerquen finan\u00e7ament.<\/p>\n<p><b>REQUISITS<\/b><\/p>\n<ul>\n<li>Startups o empreses innovadores amb una antiguitat m\u00e1xima de 10 anys des de la data de constituci\u00f3 i, preferentment, amb seu social a Catalunya.<\/li>\n<li>Amb projectes escalables i alt potencial de creixement relacionats amb lagrobiotecnologia: producci\u00f3 agr\u00edcola, ramadera i forestal, maquinaria i tecnologia, energia i sostenibilitat, aigua, bioeconomia, nutrici\u00f3, biotecnologia, alimentaci\u00f3, etc.<\/li>\n<\/ul>\n<p><b>COM PARTICIPAR-HI?<\/b><\/p>\n<p><b>FASE 1: <\/b>presentaci\u00f3 de candidatures.<\/p>\n<p>Fes-nos arribar la teva candidatura emplenant el formulari que trobar\u00e0s en aquest enlla\u00e7: <a href=\"https:\/\/forms.office.com\/e\/xLxi5Vb3mC\">https:\/\/forms.office.com\/e\/xLxi5Vb3mC<\/a><\/p>\n<p><i>Presentaci\u00f3 de candidatures fins al 15 d&#8217;octubre<\/i><i><\/i><\/p>\n<p><b>FASE 2: <\/b>selecci\u00f3 de projectes del 16 al 21 d\u2019octubre.<\/p>\n<p><i>Es seleccionaran un m\u00e0xim de 8 projectes participants.<\/i><i><\/i><\/p>\n<p><b>FASE 3:<\/b> acompanyament a carrec d&#8217;Acci\u00f3.<\/p>\n<p>Els projectes seleccionats rebran un acompanyament per a la presentaci\u00f3 en p\u00fablic del projecte davant dels inversors amb un taller sobre la pr\u00e1ctica de l&#8217;elevator pitch. Una formaci\u00f3 i assaigs de presentacions que tindr\u00e0 lloc els dies 6 i 20 de novembre a la delegaci\u00f3 d&#8217;Acci\u00f3 a Lleida (Rambla Ferran, 1, 2n 4a)<\/p>\n<p><b>FASE 4: <\/b>presentaci\u00f3 p\u00fablica dels projectes seleccionats.<\/p>\n<p>Descarrega&#8217;t la informaci\u00f3 completa aqu\u00ed: <a href=\"https:\/\/promocioeconomica.paeria.cat\/web\/wp-content\/uploads\/2025\/09\/7eefe806-a583-363a-577e-920deb285be9-scaled.jpg\">https:\/\/promocioeconomica.paeria.cat\/web\/wp-content\/uploads\/2025\/09\/7eefe806-a583-363a-577e-920deb285be9-scaled.jpg<\/a><\/p>\n<p>El dia 26 de novembre de 11 h a 13 h a Startup Arena del pavell\u00f3 5 de Fira de Lleida en el marc de la fira Agrobiotech Innovation Forum.<\/p>\n<p><b>No t&#8217;ho perdis!<\/b><b><\/b><\/p>\n<p>\u00c9s una bona ocasi\u00f3 per a presentar a la xarxa d&#8217;inversors l&#8217;atractiu i les potencialitats del teu projecte.<\/p>\n<p>Per a <b>m\u00e9s informaci\u00f3 <\/b>truca al tel\u00e8fon <b>973 678 058<\/b> o envia un correu a <b>promocioeconomica@paeria.cat<\/b><\/p>\n","protected":false},"excerpt":{"rendered":"<p>Dimecres 26 de novembre de 2025, tindra lloc a Lleida el primer Forum d&#8217;Inversi\u00f3 AGROBIOTECH LLEIDA en el marc de la Fira Agrobiotech Innovation Forum. El F\u00f2rum d&#8217;Inversi\u00f3 AGROBIOTECH LLEIDA \u00e9s una iniciativa p\u00fablico-privada per apropar la inversi\u00f3 a l&#8217;ecosistema emprenedor de les Terres de Lleida, i esdevenir el punt de trobada entre empreses i &#8230; <a title=\"F\u00f2rum d&#8217;inversi\u00f3 AGROBIOTECH LLEIDA\" class=\"read-more\" href=\"https:\/\/promocioeconomica.paeria.cat\/web\/forum-dinversio-agrobiotech-lleida\/\" aria-label=\"M\u00e9s informaci\u00f3 sobre F\u00f2rum d&#8217;inversi\u00f3 AGROBIOTECH LLEIDA\">Llegiu m\u00e9s<\/a><\/p>\n","protected":false},"author":17,"featured_media":0,"parent":0,"menu_order":0,"comment_status":"closed","ping_status":"closed","template":"","meta":{"_sitemap_exclude":false,"_sitemap_priority":"","_sitemap_frequency":"","footnotes":""},"class_list":["post-2983","page","type-page","status-publish"],"yoast_head":"<!-- This site is optimized with the Yoast SEO plugin v27.4 - https:\/\/yoast.com\/product\/yoast-seo-wordpress\/ -->\n<title>F\u00f2rum d&#039;inversi\u00f3 AGROBIOTECH LLEIDA - Promoci\u00f3 Econ\u00f2mica i Emprenedoria<\/title>\n<meta name=\"robots\" content=\"index, follow, max-snippet:-1, max-image-preview:large, max-video-preview:-1\" \/>\n<link rel=\"canonical\" href=\"https:\/\/promocioeconomica.paeria.cat\/web\/forum-dinversio-agrobiotech-lleida\/\" \/>\n<meta property=\"og:locale\" content=\"ca_ES\" \/>\n<meta property=\"og:type\" content=\"article\" \/>\n<meta property=\"og:title\" content=\"F\u00f2rum d&#039;inversi\u00f3 AGROBIOTECH LLEIDA - Promoci\u00f3 Econ\u00f2mica i Emprenedoria\" \/>\n<meta property=\"og:description\" content=\"Dimecres 26 de novembre de 2025, tindra lloc a Lleida el primer Forum d&#8217;Inversi\u00f3 AGROBIOTECH LLEIDA en el marc de la Fira Agrobiotech Innovation Forum. El F\u00f2rum d&#8217;Inversi\u00f3 AGROBIOTECH LLEIDA \u00e9s una iniciativa p\u00fablico-privada per apropar la inversi\u00f3 a l&#8217;ecosistema emprenedor de les Terres de Lleida, i esdevenir el punt de trobada entre empreses i ... Llegiu m\u00e9s\" \/>\n<meta property=\"og:url\" content=\"https:\/\/promocioeconomica.paeria.cat\/web\/forum-dinversio-agrobiotech-lleida\/\" \/>\n<meta property=\"og:site_name\" content=\"Promoci\u00f3 Econ\u00f2mica i Emprenedoria\" \/>\n<meta property=\"article:modified_time\" content=\"2025-09-25T08:44:13+00:00\" \/>\n<meta property=\"og:image\" content=\"https:\/\/promocioeconomica.paeria.cat\/web\/wp-content\/uploads\/2025\/09\/agrobiotech-1024x393.jpg\" \/>\n<meta name=\"twitter:card\" content=\"summary_large_image\" \/>\n<meta name=\"twitter:label1\" content=\"Temps estimat de lectura\" \/>\n\t<meta name=\"twitter:data1\" content=\"2 minuts\" \/>\n<script type=\"application\/ld+json\" class=\"yoast-schema-graph\">{\"@context\":\"https:\\\/\\\/schema.org\",\"@graph\":[{\"@type\":\"WebPage\",\"@id\":\"https:\\\/\\\/promocioeconomica.paeria.cat\\\/web\\\/forum-dinversio-agrobiotech-lleida\\\/\",\"url\":\"https:\\\/\\\/promocioeconomica.paeria.cat\\\/web\\\/forum-dinversio-agrobiotech-lleida\\\/\",\"name\":\"F\u00f2rum d'inversi\u00f3 AGROBIOTECH LLEIDA - Promoci\u00f3 Econ\u00f2mica i Emprenedoria\",\"isPartOf\":{\"@id\":\"https:\\\/\\\/promocioeconomica.paeria.cat\\\/web\\\/#website\"},\"primaryImageOfPage\":{\"@id\":\"https:\\\/\\\/promocioeconomica.paeria.cat\\\/web\\\/forum-dinversio-agrobiotech-lleida\\\/#primaryimage\"},\"image\":{\"@id\":\"https:\\\/\\\/promocioeconomica.paeria.cat\\\/web\\\/forum-dinversio-agrobiotech-lleida\\\/#primaryimage\"},\"thumbnailUrl\":\"https:\\\/\\\/promocioeconomica.paeria.cat\\\/web\\\/wp-content\\\/uploads\\\/2025\\\/09\\\/agrobiotech-1024x393.jpg\",\"datePublished\":\"2025-09-24T14:47:45+00:00\",\"dateModified\":\"2025-09-25T08:44:13+00:00\",\"breadcrumb\":{\"@id\":\"https:\\\/\\\/promocioeconomica.paeria.cat\\\/web\\\/forum-dinversio-agrobiotech-lleida\\\/#breadcrumb\"},\"inLanguage\":\"ca\",\"potentialAction\":[{\"@type\":\"ReadAction\",\"target\":[\"https:\\\/\\\/promocioeconomica.paeria.cat\\\/web\\\/forum-dinversio-agrobiotech-lleida\\\/\"]}]},{\"@type\":\"ImageObject\",\"inLanguage\":\"ca\",\"@id\":\"https:\\\/\\\/promocioeconomica.paeria.cat\\\/web\\\/forum-dinversio-agrobiotech-lleida\\\/#primaryimage\",\"url\":\"https:\\\/\\\/promocioeconomica.paeria.cat\\\/web\\\/wp-content\\\/uploads\\\/2025\\\/09\\\/agrobiotech.jpg\",\"contentUrl\":\"https:\\\/\\\/promocioeconomica.paeria.cat\\\/web\\\/wp-content\\\/uploads\\\/2025\\\/09\\\/agrobiotech.jpg\",\"width\":2204,\"height\":845},{\"@type\":\"BreadcrumbList\",\"@id\":\"https:\\\/\\\/promocioeconomica.paeria.cat\\\/web\\\/forum-dinversio-agrobiotech-lleida\\\/#breadcrumb\",\"itemListElement\":[{\"@type\":\"ListItem\",\"position\":1,\"name\":\"Inici\",\"item\":\"https:\\\/\\\/promocioeconomica.paeria.cat\\\/web\\\/\"},{\"@type\":\"ListItem\",\"position\":2,\"name\":\"F\u00f2rum d&#8217;inversi\u00f3 AGROBIOTECH LLEIDA\"}]},{\"@type\":\"WebSite\",\"@id\":\"https:\\\/\\\/promocioeconomica.paeria.cat\\\/web\\\/#website\",\"url\":\"https:\\\/\\\/promocioeconomica.paeria.cat\\\/web\\\/\",\"name\":\"Promoci\u00f3 Econ\u00f2mica i Emprenedoria\",\"description\":\"Regidoria de Promoci\u00f3 Econ\u00f2mica i Emprenedoria\",\"publisher\":{\"@id\":\"https:\\\/\\\/promocioeconomica.paeria.cat\\\/web\\\/#organization\"},\"potentialAction\":[{\"@type\":\"SearchAction\",\"target\":{\"@type\":\"EntryPoint\",\"urlTemplate\":\"https:\\\/\\\/promocioeconomica.paeria.cat\\\/web\\\/?s={search_term_string}\"},\"query-input\":{\"@type\":\"PropertyValueSpecification\",\"valueRequired\":true,\"valueName\":\"search_term_string\"}}],\"inLanguage\":\"ca\"},{\"@type\":\"Organization\",\"@id\":\"https:\\\/\\\/promocioeconomica.paeria.cat\\\/web\\\/#organization\",\"name\":\"Ajuntament de Lleida\",\"url\":\"https:\\\/\\\/promocioeconomica.paeria.cat\\\/web\\\/\",\"logo\":{\"@type\":\"ImageObject\",\"inLanguage\":\"ca\",\"@id\":\"https:\\\/\\\/promocioeconomica.paeria.cat\\\/web\\\/#\\\/schema\\\/logo\\\/image\\\/\",\"url\":\"https:\\\/\\\/promocioeconomica.paeria.cat\\\/web\\\/wp-content\\\/uploads\\\/2021\\\/06\\\/capcalera-promocio-economica.png\",\"contentUrl\":\"https:\\\/\\\/promocioeconomica.paeria.cat\\\/web\\\/wp-content\\\/uploads\\\/2021\\\/06\\\/capcalera-promocio-economica.png\",\"width\":1100,\"height\":221,\"caption\":\"Ajuntament de Lleida\"},\"image\":{\"@id\":\"https:\\\/\\\/promocioeconomica.paeria.cat\\\/web\\\/#\\\/schema\\\/logo\\\/image\\\/\"}}]}<\/script>\n<!-- \/ Yoast SEO plugin. -->","yoast_head_json":{"title":"F\u00f2rum d'inversi\u00f3 AGROBIOTECH LLEIDA - Promoci\u00f3 Econ\u00f2mica i Emprenedoria","robots":{"index":"index","follow":"follow","max-snippet":"max-snippet:-1","max-image-preview":"max-image-preview:large","max-video-preview":"max-video-preview:-1"},"canonical":"https:\/\/promocioeconomica.paeria.cat\/web\/forum-dinversio-agrobiotech-lleida\/","og_locale":"ca_ES","og_type":"article","og_title":"F\u00f2rum d'inversi\u00f3 AGROBIOTECH LLEIDA - Promoci\u00f3 Econ\u00f2mica i Emprenedoria","og_description":"Dimecres 26 de novembre de 2025, tindra lloc a Lleida el primer Forum d&#8217;Inversi\u00f3 AGROBIOTECH LLEIDA en el marc de la Fira Agrobiotech Innovation Forum. El F\u00f2rum d&#8217;Inversi\u00f3 AGROBIOTECH LLEIDA \u00e9s una iniciativa p\u00fablico-privada per apropar la inversi\u00f3 a l&#8217;ecosistema emprenedor de les Terres de Lleida, i esdevenir el punt de trobada entre empreses i ... Llegiu m\u00e9s","og_url":"https:\/\/promocioeconomica.paeria.cat\/web\/forum-dinversio-agrobiotech-lleida\/","og_site_name":"Promoci\u00f3 Econ\u00f2mica i Emprenedoria","article_modified_time":"2025-09-25T08:44:13+00:00","og_image":[{"url":"https:\/\/promocioeconomica.paeria.cat\/web\/wp-content\/uploads\/2025\/09\/agrobiotech-1024x393.jpg","type":"","width":"","height":""}],"twitter_card":"summary_large_image","twitter_misc":{"Temps estimat de lectura":"2 minuts"},"schema":{"@context":"https:\/\/schema.org","@graph":[{"@type":"WebPage","@id":"https:\/\/promocioeconomica.paeria.cat\/web\/forum-dinversio-agrobiotech-lleida\/","url":"https:\/\/promocioeconomica.paeria.cat\/web\/forum-dinversio-agrobiotech-lleida\/","name":"F\u00f2rum d'inversi\u00f3 AGROBIOTECH LLEIDA - Promoci\u00f3 Econ\u00f2mica i Emprenedoria","isPartOf":{"@id":"https:\/\/promocioeconomica.paeria.cat\/web\/#website"},"primaryImageOfPage":{"@id":"https:\/\/promocioeconomica.paeria.cat\/web\/forum-dinversio-agrobiotech-lleida\/#primaryimage"},"image":{"@id":"https:\/\/promocioeconomica.paeria.cat\/web\/forum-dinversio-agrobiotech-lleida\/#primaryimage"},"thumbnailUrl":"https:\/\/promocioeconomica.paeria.cat\/web\/wp-content\/uploads\/2025\/09\/agrobiotech-1024x393.jpg","datePublished":"2025-09-24T14:47:45+00:00","dateModified":"2025-09-25T08:44:13+00:00","breadcrumb":{"@id":"https:\/\/promocioeconomica.paeria.cat\/web\/forum-dinversio-agrobiotech-lleida\/#breadcrumb"},"inLanguage":"ca","potentialAction":[{"@type":"ReadAction","target":["https:\/\/promocioeconomica.paeria.cat\/web\/forum-dinversio-agrobiotech-lleida\/"]}]},{"@type":"ImageObject","inLanguage":"ca","@id":"https:\/\/promocioeconomica.paeria.cat\/web\/forum-dinversio-agrobiotech-lleida\/#primaryimage","url":"https:\/\/promocioeconomica.paeria.cat\/web\/wp-content\/uploads\/2025\/09\/agrobiotech.jpg","contentUrl":"https:\/\/promocioeconomica.paeria.cat\/web\/wp-content\/uploads\/2025\/09\/agrobiotech.jpg","width":2204,"height":845},{"@type":"BreadcrumbList","@id":"https:\/\/promocioeconomica.paeria.cat\/web\/forum-dinversio-agrobiotech-lleida\/#breadcrumb","itemListElement":[{"@type":"ListItem","position":1,"name":"Inici","item":"https:\/\/promocioeconomica.paeria.cat\/web\/"},{"@type":"ListItem","position":2,"name":"F\u00f2rum d&#8217;inversi\u00f3 AGROBIOTECH LLEIDA"}]},{"@type":"WebSite","@id":"https:\/\/promocioeconomica.paeria.cat\/web\/#website","url":"https:\/\/promocioeconomica.paeria.cat\/web\/","name":"Promoci\u00f3 Econ\u00f2mica i Emprenedoria","description":"Regidoria de Promoci\u00f3 Econ\u00f2mica i Emprenedoria","publisher":{"@id":"https:\/\/promocioeconomica.paeria.cat\/web\/#organization"},"potentialAction":[{"@type":"SearchAction","target":{"@type":"EntryPoint","urlTemplate":"https:\/\/promocioeconomica.paeria.cat\/web\/?s={search_term_string}"},"query-input":{"@type":"PropertyValueSpecification","valueRequired":true,"valueName":"search_term_string"}}],"inLanguage":"ca"},{"@type":"Organization","@id":"https:\/\/promocioeconomica.paeria.cat\/web\/#organization","name":"Ajuntament de Lleida","url":"https:\/\/promocioeconomica.paeria.cat\/web\/","logo":{"@type":"ImageObject","inLanguage":"ca","@id":"https:\/\/promocioeconomica.paeria.cat\/web\/#\/schema\/logo\/image\/","url":"https:\/\/promocioeconomica.paeria.cat\/web\/wp-content\/uploads\/2021\/06\/capcalera-promocio-economica.png","contentUrl":"https:\/\/promocioeconomica.paeria.cat\/web\/wp-content\/uploads\/2021\/06\/capcalera-promocio-economica.png","width":1100,"height":221,"caption":"Ajuntament de Lleida"},"image":{"@id":"https:\/\/promocioeconomica.paeria.cat\/web\/#\/schema\/logo\/image\/"}}]}},"_links":{"self":[{"href":"https:\/\/promocioeconomica.paeria.cat\/web\/wp-json\/wp\/v2\/pages\/2983","targetHints":{"allow":["GET"]}}],"collection":[{"href":"https:\/\/promocioeconomica.paeria.cat\/web\/wp-json\/wp\/v2\/pages"}],"about":[{"href":"https:\/\/promocioeconomica.paeria.cat\/web\/wp-json\/wp\/v2\/types\/page"}],"author":[{"embeddable":true,"href":"https:\/\/promocioeconomica.paeria.cat\/web\/wp-json\/wp\/v2\/users\/17"}],"replies":[{"embeddable":true,"href":"https:\/\/promocioeconomica.paeria.cat\/web\/wp-json\/wp\/v2\/comments?post=2983"}],"version-history":[{"count":8,"href":"https:\/\/promocioeconomica.paeria.cat\/web\/wp-json\/wp\/v2\/pages\/2983\/revisions"}],"predecessor-version":[{"id":2996,"href":"https:\/\/promocioeconomica.paeria.cat\/web\/wp-json\/wp\/v2\/pages\/2983\/revisions\/2996"}],"wp:attachment":[{"href":"https:\/\/promocioeconomica.paeria.cat\/web\/wp-json\/wp\/v2\/media?parent=2983"}],"curies":[{"name":"wp","href":"https:\/\/api.w.org\/{rel}","templated":true}]}}