{"id":3320,"date":"2026-05-05T10:57:50","date_gmt":"2026-05-05T08:57:50","guid":{"rendered":"https:\/\/promocioeconomica.paeria.cat\/web\/?page_id=3320"},"modified":"2026-05-05T13:12:41","modified_gmt":"2026-05-05T11:12:41","slug":"capsula-formativa-la-teva-privacitat-en-joc-i-com-defensar-estrategia-de-continguts-i-vendes-digitals-connecta-convenc-i-converteix-a-les-xarxes-socials-14-03-26-i-19-05-26","status":"publish","type":"page","link":"https:\/\/promocioeconomica.paeria.cat\/web\/capsula-formativa-la-teva-privacitat-en-joc-i-com-defensar-estrategia-de-continguts-i-vendes-digitals-connecta-convenc-i-converteix-a-les-xarxes-socials-14-03-26-i-19-05-26\/","title":{"rendered":"C\u00e0psula formativa: Estrat\u00e8gia de continguts i vendes digitals: connecta, conven\u00e7 i converteix a les xarxes socials -14\/05\/26 i 19\/05\/26"},"content":{"rendered":"\t\t<div data-elementor-type=\"wp-page\" data-elementor-id=\"3320\" class=\"elementor elementor-3320\">\n\t\t\t\t\t\t<section class=\"elementor-section elementor-top-section elementor-element elementor-element-db3ae10 elementor-section-boxed elementor-section-height-default elementor-section-height-default\" data-id=\"db3ae10\" data-element_type=\"section\" data-e-type=\"section\">\n\t\t\t\t\t\t<div class=\"elementor-container elementor-column-gap-default\">\n\t\t\t\t\t<div class=\"elementor-column elementor-col-100 elementor-top-column elementor-element elementor-element-6d9b2dd\" data-id=\"6d9b2dd\" data-element_type=\"column\" data-e-type=\"column\">\n\t\t\t<div class=\"elementor-widget-wrap elementor-element-populated\">\n\t\t\t\t\t\t<div class=\"elementor-element elementor-element-1462bb2 elementor-widget elementor-widget-image\" data-id=\"1462bb2\" data-element_type=\"widget\" data-e-type=\"widget\" data-widget_type=\"image.default\">\n\t\t\t\t<div class=\"elementor-widget-container\">\n\t\t\t\t\t\t\t\t\t\t\t\t\t\t\t<img decoding=\"async\" src=\"https:\/\/promocioeconomica.paeria.cat\/web\/wp-content\/uploads\/2026\/05\/CF-03-scaled.png\" title=\"CF-03\" alt=\"CF-03\" loading=\"lazy\" \/>\t\t\t\t\t\t\t\t\t\t\t\t\t\t\t<\/div>\n\t\t\t\t<\/div>\n\t\t\t\t<div class=\"elementor-element elementor-element-bb24d36 elementor-widget elementor-widget-text-editor\" data-id=\"bb24d36\" data-element_type=\"widget\" data-e-type=\"widget\" data-widget_type=\"text-editor.default\">\n\t\t\t\t<div class=\"elementor-widget-container\">\n\t\t\t\t\t\t\t\t\t<section data-id=\"a2faa6b\" data-element_type=\"section\" data-e-type=\"section\"><div><div data-id=\"a1d32d3\" data-element_type=\"column\" data-e-type=\"column\"><div><div data-id=\"e90a74a\" data-element_type=\"widget\" data-e-type=\"widget\" data-widget_type=\"text-editor.default\"><div><div><span lang=\"CA\">Formaci\u00f3 pr\u00e0ctica adre\u00e7ada a persones emprenedores i empreses que volen millorar la seva pres\u00e8ncia digital i convertir les xarxes socials en un canal de captaci\u00f3 i venda. <\/span><\/div><div><span lang=\"CA\">Es treballaran estrat\u00e8gies de contingut i storytelling per connectar amb l\u2019audi\u00e8ncia, aix\u00ed com t\u00e8cniques de venda digital i optimitzaci\u00f3 de l\u2019embut de conversi\u00f3 per transformar seguidors en clients.<\/span><\/div><div>\u00a0<\/div><\/div><\/div><div><p><strong>Formadora:<\/strong> Ariadna Coll, consultora i formadora en m\u00e0rqueting digital i CEO d\u2019\u00c9rimos Digital<\/p><p><strong style=\"font-family: var( --e-global-typography-text-font-family ), Sans-serif;\">Dates: <\/strong><span lang=\"CA\" style=\"font-family: var( --e-global-typography-text-font-family ), Sans-serif;\">14 i 19 de maig<\/span><\/p><p><strong style=\"font-family: var( --e-global-typography-text-font-family ), Sans-serif;\">Hora:<\/strong><span style=\"font-family: var( --e-global-typography-text-font-family ), Sans-serif;\"> de 10 h a 13 h<\/span><\/p><p><strong style=\"font-family: var( --e-global-typography-text-font-family ), Sans-serif;\">Ubicaci\u00f3: <\/strong><b style=\"font-family: var( --e-global-typography-text-font-family ), Sans-serif;\"><\/b><span lang=\"CA\" style=\"font-family: var( --e-global-typography-text-font-family ), Sans-serif;\">RETAIL LAB LLEIDA (Avinguda de Blondel, 38, 1a planta, 25002 \u2013 Lleida)<\/span><\/p><\/div><\/div><\/div><\/div><\/section><section data-id=\"cc857fd\" data-element_type=\"section\" data-e-type=\"section\"><div><div data-id=\"555f858\" data-element_type=\"column\" data-e-type=\"column\"><div><div data-id=\"a63b183\" data-element_type=\"widget\" data-e-type=\"widget\" data-widget_type=\"text-editor.default\"><div><div><p><em>*Inscripci\u00f3<\/em><i>\u00a0<\/i><em><u>gratu\u00efta<\/u><\/em><\/p><\/div><\/div><\/div><\/div><\/div><\/div><\/section>\t\t\t\t\t\t\t\t<\/div>\n\t\t\t\t<\/div>\n\t\t\t\t\t<\/div>\n\t\t<\/div>\n\t\t\t\t\t<\/div>\n\t\t<\/section>\n\t\t\t\t<section class=\"elementor-section elementor-top-section elementor-element elementor-element-808ba71 elementor-section-boxed elementor-section-height-default elementor-section-height-default\" data-id=\"808ba71\" data-element_type=\"section\" data-e-type=\"section\">\n\t\t\t\t\t\t<div class=\"elementor-container elementor-column-gap-default\">\n\t\t\t\t\t<div class=\"elementor-column elementor-col-100 elementor-top-column elementor-element elementor-element-c538495\" data-id=\"c538495\" data-element_type=\"column\" data-e-type=\"column\">\n\t\t\t<div class=\"elementor-widget-wrap elementor-element-populated\">\n\t\t\t\t\t\t<div class=\"elementor-element elementor-element-1e8eb42 elementor-widget elementor-widget-button\" data-id=\"1e8eb42\" data-element_type=\"widget\" data-e-type=\"widget\" data-widget_type=\"button.default\">\n\t\t\t\t<div class=\"elementor-widget-container\">\n\t\t\t\t\t\t\t\t\t<div class=\"elementor-button-wrapper\">\n\t\t\t\t\t<a class=\"elementor-button elementor-button-link elementor-size-sm\" href=\"https:\/\/forms.cloud.microsoft\/pages\/responsepage.aspx?id=L-HSsRBBfUC05zDjns8wPj8AEwzuukJEtmFlnnT4FOBUNThIWVcxWlZNUlE4M0FDMkxISDNIN0FUSy4u&#038;route=shorturl\">\n\t\t\t\t\t\t<span class=\"elementor-button-content-wrapper\">\n\t\t\t\t\t\t\t\t\t<span class=\"elementor-button-text\">INSCRIPCIONS<\/span>\n\t\t\t\t\t<\/span>\n\t\t\t\t\t<\/a>\n\t\t\t\t<\/div>\n\t\t\t\t\t\t\t\t<\/div>\n\t\t\t\t<\/div>\n\t\t\t\t<div class=\"elementor-element elementor-element-ef43cbd elementor-widget elementor-widget-button\" data-id=\"ef43cbd\" data-element_type=\"widget\" data-e-type=\"widget\" data-widget_type=\"button.default\">\n\t\t\t\t<div class=\"elementor-widget-container\">\n\t\t\t\t\t\t\t\t\t<div class=\"elementor-button-wrapper\">\n\t\t\t\t\t<a class=\"elementor-button elementor-button-link elementor-size-sm\" href=\"https:\/\/promocioeconomica.paeria.cat\/web\/wp-content\/uploads\/2026\/05\/CF-01.png\">\n\t\t\t\t\t\t<span class=\"elementor-button-content-wrapper\">\n\t\t\t\t\t\t\t\t\t<span class=\"elementor-button-text\">M\u00e9s informaci\u00f3<\/span>\n\t\t\t\t\t<\/span>\n\t\t\t\t\t<\/a>\n\t\t\t\t<\/div>\n\t\t\t\t\t\t\t\t<\/div>\n\t\t\t\t<\/div>\n\t\t\t\t\t<\/div>\n\t\t<\/div>\n\t\t\t\t\t<\/div>\n\t\t<\/section>\n\t\t\t\t<\/div>\n\t\t","protected":false},"excerpt":{"rendered":"<p>Formaci\u00f3 pr\u00e0ctica adre\u00e7ada a persones emprenedores i empreses que volen millorar la seva pres\u00e8ncia digital i convertir les xarxes socials en un canal de captaci\u00f3 i venda. Es treballaran estrat\u00e8gies de contingut i storytelling per connectar amb l\u2019audi\u00e8ncia, aix\u00ed com t\u00e8cniques de venda digital i optimitzaci\u00f3 de l\u2019embut de conversi\u00f3 per transformar seguidors en clients.\u00a0 &#8230; <a title=\"C\u00e0psula formativa: Estrat\u00e8gia de continguts i vendes digitals: connecta, conven\u00e7 i converteix a les xarxes socials -14\/05\/26 i 19\/05\/26\" class=\"read-more\" href=\"https:\/\/promocioeconomica.paeria.cat\/web\/capsula-formativa-la-teva-privacitat-en-joc-i-com-defensar-estrategia-de-continguts-i-vendes-digitals-connecta-convenc-i-converteix-a-les-xarxes-socials-14-03-26-i-19-05-26\/\" aria-label=\"M\u00e9s informaci\u00f3 sobre C\u00e0psula formativa: Estrat\u00e8gia de continguts i vendes digitals: connecta, conven\u00e7 i converteix a les xarxes socials -14\/05\/26 i 19\/05\/26\">Llegiu m\u00e9s<\/a><\/p>\n","protected":false},"author":17,"featured_media":0,"parent":0,"menu_order":0,"comment_status":"closed","ping_status":"closed","template":"","meta":{"_sitemap_exclude":false,"_sitemap_priority":"","_sitemap_frequency":"","footnotes":""},"class_list":["post-3320","page","type-page","status-publish"],"yoast_head":"<!-- This site is optimized with the Yoast SEO plugin v27.5 - https:\/\/yoast.com\/product\/yoast-seo-wordpress\/ -->\n<title>C\u00e0psula formativa: Estrat\u00e8gia de continguts i vendes digitals: connecta, conven\u00e7 i converteix a les xarxes socials -14\/05\/26 i 19\/05\/26 - Promoci\u00f3 Econ\u00f2mica i Emprenedoria<\/title>\n<meta name=\"robots\" content=\"index, follow, max-snippet:-1, max-image-preview:large, max-video-preview:-1\" \/>\n<link rel=\"canonical\" href=\"https:\/\/promocioeconomica.paeria.cat\/web\/capsula-formativa-la-teva-privacitat-en-joc-i-com-defensar-estrategia-de-continguts-i-vendes-digitals-connecta-convenc-i-converteix-a-les-xarxes-socials-14-03-26-i-19-05-26\/\" \/>\n<meta property=\"og:locale\" content=\"ca_ES\" \/>\n<meta property=\"og:type\" content=\"article\" \/>\n<meta property=\"og:title\" content=\"C\u00e0psula formativa: Estrat\u00e8gia de continguts i vendes digitals: connecta, conven\u00e7 i converteix a les xarxes socials -14\/05\/26 i 19\/05\/26 - Promoci\u00f3 Econ\u00f2mica i Emprenedoria\" \/>\n<meta property=\"og:description\" content=\"Formaci\u00f3 pr\u00e0ctica adre\u00e7ada a persones emprenedores i empreses que volen millorar la seva pres\u00e8ncia digital i convertir les xarxes socials en un canal de captaci\u00f3 i venda. Es treballaran estrat\u00e8gies de contingut i storytelling per connectar amb l\u2019audi\u00e8ncia, aix\u00ed com t\u00e8cniques de venda digital i optimitzaci\u00f3 de l\u2019embut de conversi\u00f3 per transformar seguidors en clients.\u00a0 ... Llegiu m\u00e9s\" \/>\n<meta property=\"og:url\" content=\"https:\/\/promocioeconomica.paeria.cat\/web\/capsula-formativa-la-teva-privacitat-en-joc-i-com-defensar-estrategia-de-continguts-i-vendes-digitals-connecta-convenc-i-converteix-a-les-xarxes-socials-14-03-26-i-19-05-26\/\" \/>\n<meta property=\"og:site_name\" content=\"Promoci\u00f3 Econ\u00f2mica i Emprenedoria\" \/>\n<meta property=\"article:modified_time\" content=\"2026-05-05T11:12:41+00:00\" \/>\n<meta property=\"og:image\" content=\"https:\/\/promocioeconomica.paeria.cat\/web\/wp-content\/uploads\/2026\/05\/CF-03-scaled.png\" \/>\n<meta name=\"twitter:card\" content=\"summary_large_image\" \/>\n<meta name=\"twitter:label1\" content=\"Temps estimat de lectura\" \/>\n\t<meta name=\"twitter:data1\" content=\"1 minut\" \/>\n<script type=\"application\/ld+json\" class=\"yoast-schema-graph\">{\"@context\":\"https:\\\/\\\/schema.org\",\"@graph\":[{\"@type\":\"WebPage\",\"@id\":\"https:\\\/\\\/promocioeconomica.paeria.cat\\\/web\\\/capsula-formativa-la-teva-privacitat-en-joc-i-com-defensar-estrategia-de-continguts-i-vendes-digitals-connecta-convenc-i-converteix-a-les-xarxes-socials-14-03-26-i-19-05-26\\\/\",\"url\":\"https:\\\/\\\/promocioeconomica.paeria.cat\\\/web\\\/capsula-formativa-la-teva-privacitat-en-joc-i-com-defensar-estrategia-de-continguts-i-vendes-digitals-connecta-convenc-i-converteix-a-les-xarxes-socials-14-03-26-i-19-05-26\\\/\",\"name\":\"C\u00e0psula formativa: Estrat\u00e8gia de continguts i vendes digitals: connecta, conven\u00e7 i converteix a les xarxes socials -14\\\/05\\\/26 i 19\\\/05\\\/26 - Promoci\u00f3 Econ\u00f2mica i Emprenedoria\",\"isPartOf\":{\"@id\":\"https:\\\/\\\/promocioeconomica.paeria.cat\\\/web\\\/#website\"},\"primaryImageOfPage\":{\"@id\":\"https:\\\/\\\/promocioeconomica.paeria.cat\\\/web\\\/capsula-formativa-la-teva-privacitat-en-joc-i-com-defensar-estrategia-de-continguts-i-vendes-digitals-connecta-convenc-i-converteix-a-les-xarxes-socials-14-03-26-i-19-05-26\\\/#primaryimage\"},\"image\":{\"@id\":\"https:\\\/\\\/promocioeconomica.paeria.cat\\\/web\\\/capsula-formativa-la-teva-privacitat-en-joc-i-com-defensar-estrategia-de-continguts-i-vendes-digitals-connecta-convenc-i-converteix-a-les-xarxes-socials-14-03-26-i-19-05-26\\\/#primaryimage\"},\"thumbnailUrl\":\"https:\\\/\\\/promocioeconomica.paeria.cat\\\/web\\\/wp-content\\\/uploads\\\/2026\\\/05\\\/CF-03-scaled.png\",\"datePublished\":\"2026-05-05T08:57:50+00:00\",\"dateModified\":\"2026-05-05T11:12:41+00:00\",\"breadcrumb\":{\"@id\":\"https:\\\/\\\/promocioeconomica.paeria.cat\\\/web\\\/capsula-formativa-la-teva-privacitat-en-joc-i-com-defensar-estrategia-de-continguts-i-vendes-digitals-connecta-convenc-i-converteix-a-les-xarxes-socials-14-03-26-i-19-05-26\\\/#breadcrumb\"},\"inLanguage\":\"ca\",\"potentialAction\":[{\"@type\":\"ReadAction\",\"target\":[\"https:\\\/\\\/promocioeconomica.paeria.cat\\\/web\\\/capsula-formativa-la-teva-privacitat-en-joc-i-com-defensar-estrategia-de-continguts-i-vendes-digitals-connecta-convenc-i-converteix-a-les-xarxes-socials-14-03-26-i-19-05-26\\\/\"]}]},{\"@type\":\"ImageObject\",\"inLanguage\":\"ca\",\"@id\":\"https:\\\/\\\/promocioeconomica.paeria.cat\\\/web\\\/capsula-formativa-la-teva-privacitat-en-joc-i-com-defensar-estrategia-de-continguts-i-vendes-digitals-connecta-convenc-i-converteix-a-les-xarxes-socials-14-03-26-i-19-05-26\\\/#primaryimage\",\"url\":\"https:\\\/\\\/promocioeconomica.paeria.cat\\\/web\\\/wp-content\\\/uploads\\\/2026\\\/05\\\/CF-03-scaled.png\",\"contentUrl\":\"https:\\\/\\\/promocioeconomica.paeria.cat\\\/web\\\/wp-content\\\/uploads\\\/2026\\\/05\\\/CF-03-scaled.png\",\"width\":2560,\"height\":856},{\"@type\":\"BreadcrumbList\",\"@id\":\"https:\\\/\\\/promocioeconomica.paeria.cat\\\/web\\\/capsula-formativa-la-teva-privacitat-en-joc-i-com-defensar-estrategia-de-continguts-i-vendes-digitals-connecta-convenc-i-converteix-a-les-xarxes-socials-14-03-26-i-19-05-26\\\/#breadcrumb\",\"itemListElement\":[{\"@type\":\"ListItem\",\"position\":1,\"name\":\"Inici\",\"item\":\"https:\\\/\\\/promocioeconomica.paeria.cat\\\/web\\\/\"},{\"@type\":\"ListItem\",\"position\":2,\"name\":\"C\u00e0psula formativa: Estrat\u00e8gia de continguts i vendes digitals: connecta, conven\u00e7 i converteix a les xarxes socials -14\\\/05\\\/26 i 19\\\/05\\\/26\"}]},{\"@type\":\"WebSite\",\"@id\":\"https:\\\/\\\/promocioeconomica.paeria.cat\\\/web\\\/#website\",\"url\":\"https:\\\/\\\/promocioeconomica.paeria.cat\\\/web\\\/\",\"name\":\"Promoci\u00f3 Econ\u00f2mica i Emprenedoria\",\"description\":\"Regidoria de Promoci\u00f3 Econ\u00f2mica i Emprenedoria\",\"publisher\":{\"@id\":\"https:\\\/\\\/promocioeconomica.paeria.cat\\\/web\\\/#organization\"},\"potentialAction\":[{\"@type\":\"SearchAction\",\"target\":{\"@type\":\"EntryPoint\",\"urlTemplate\":\"https:\\\/\\\/promocioeconomica.paeria.cat\\\/web\\\/?s={search_term_string}\"},\"query-input\":{\"@type\":\"PropertyValueSpecification\",\"valueRequired\":true,\"valueName\":\"search_term_string\"}}],\"inLanguage\":\"ca\"},{\"@type\":\"Organization\",\"@id\":\"https:\\\/\\\/promocioeconomica.paeria.cat\\\/web\\\/#organization\",\"name\":\"Ajuntament de Lleida\",\"url\":\"https:\\\/\\\/promocioeconomica.paeria.cat\\\/web\\\/\",\"logo\":{\"@type\":\"ImageObject\",\"inLanguage\":\"ca\",\"@id\":\"https:\\\/\\\/promocioeconomica.paeria.cat\\\/web\\\/#\\\/schema\\\/logo\\\/image\\\/\",\"url\":\"https:\\\/\\\/promocioeconomica.paeria.cat\\\/web\\\/wp-content\\\/uploads\\\/2021\\\/06\\\/capcalera-promocio-economica.png\",\"contentUrl\":\"https:\\\/\\\/promocioeconomica.paeria.cat\\\/web\\\/wp-content\\\/uploads\\\/2021\\\/06\\\/capcalera-promocio-economica.png\",\"width\":1100,\"height\":221,\"caption\":\"Ajuntament de Lleida\"},\"image\":{\"@id\":\"https:\\\/\\\/promocioeconomica.paeria.cat\\\/web\\\/#\\\/schema\\\/logo\\\/image\\\/\"}}]}<\/script>\n<!-- \/ Yoast SEO plugin. -->","yoast_head_json":{"title":"C\u00e0psula formativa: Estrat\u00e8gia de continguts i vendes digitals: connecta, conven\u00e7 i converteix a les xarxes socials -14\/05\/26 i 19\/05\/26 - Promoci\u00f3 Econ\u00f2mica i Emprenedoria","robots":{"index":"index","follow":"follow","max-snippet":"max-snippet:-1","max-image-preview":"max-image-preview:large","max-video-preview":"max-video-preview:-1"},"canonical":"https:\/\/promocioeconomica.paeria.cat\/web\/capsula-formativa-la-teva-privacitat-en-joc-i-com-defensar-estrategia-de-continguts-i-vendes-digitals-connecta-convenc-i-converteix-a-les-xarxes-socials-14-03-26-i-19-05-26\/","og_locale":"ca_ES","og_type":"article","og_title":"C\u00e0psula formativa: Estrat\u00e8gia de continguts i vendes digitals: connecta, conven\u00e7 i converteix a les xarxes socials -14\/05\/26 i 19\/05\/26 - Promoci\u00f3 Econ\u00f2mica i Emprenedoria","og_description":"Formaci\u00f3 pr\u00e0ctica adre\u00e7ada a persones emprenedores i empreses que volen millorar la seva pres\u00e8ncia digital i convertir les xarxes socials en un canal de captaci\u00f3 i venda. Es treballaran estrat\u00e8gies de contingut i storytelling per connectar amb l\u2019audi\u00e8ncia, aix\u00ed com t\u00e8cniques de venda digital i optimitzaci\u00f3 de l\u2019embut de conversi\u00f3 per transformar seguidors en clients.\u00a0 ... Llegiu m\u00e9s","og_url":"https:\/\/promocioeconomica.paeria.cat\/web\/capsula-formativa-la-teva-privacitat-en-joc-i-com-defensar-estrategia-de-continguts-i-vendes-digitals-connecta-convenc-i-converteix-a-les-xarxes-socials-14-03-26-i-19-05-26\/","og_site_name":"Promoci\u00f3 Econ\u00f2mica i Emprenedoria","article_modified_time":"2026-05-05T11:12:41+00:00","og_image":[{"url":"https:\/\/promocioeconomica.paeria.cat\/web\/wp-content\/uploads\/2026\/05\/CF-03-scaled.png","type":"","width":"","height":""}],"twitter_card":"summary_large_image","twitter_misc":{"Temps estimat de lectura":"1 minut"},"schema":{"@context":"https:\/\/schema.org","@graph":[{"@type":"WebPage","@id":"https:\/\/promocioeconomica.paeria.cat\/web\/capsula-formativa-la-teva-privacitat-en-joc-i-com-defensar-estrategia-de-continguts-i-vendes-digitals-connecta-convenc-i-converteix-a-les-xarxes-socials-14-03-26-i-19-05-26\/","url":"https:\/\/promocioeconomica.paeria.cat\/web\/capsula-formativa-la-teva-privacitat-en-joc-i-com-defensar-estrategia-de-continguts-i-vendes-digitals-connecta-convenc-i-converteix-a-les-xarxes-socials-14-03-26-i-19-05-26\/","name":"C\u00e0psula formativa: Estrat\u00e8gia de continguts i vendes digitals: connecta, conven\u00e7 i converteix a les xarxes socials -14\/05\/26 i 19\/05\/26 - Promoci\u00f3 Econ\u00f2mica i Emprenedoria","isPartOf":{"@id":"https:\/\/promocioeconomica.paeria.cat\/web\/#website"},"primaryImageOfPage":{"@id":"https:\/\/promocioeconomica.paeria.cat\/web\/capsula-formativa-la-teva-privacitat-en-joc-i-com-defensar-estrategia-de-continguts-i-vendes-digitals-connecta-convenc-i-converteix-a-les-xarxes-socials-14-03-26-i-19-05-26\/#primaryimage"},"image":{"@id":"https:\/\/promocioeconomica.paeria.cat\/web\/capsula-formativa-la-teva-privacitat-en-joc-i-com-defensar-estrategia-de-continguts-i-vendes-digitals-connecta-convenc-i-converteix-a-les-xarxes-socials-14-03-26-i-19-05-26\/#primaryimage"},"thumbnailUrl":"https:\/\/promocioeconomica.paeria.cat\/web\/wp-content\/uploads\/2026\/05\/CF-03-scaled.png","datePublished":"2026-05-05T08:57:50+00:00","dateModified":"2026-05-05T11:12:41+00:00","breadcrumb":{"@id":"https:\/\/promocioeconomica.paeria.cat\/web\/capsula-formativa-la-teva-privacitat-en-joc-i-com-defensar-estrategia-de-continguts-i-vendes-digitals-connecta-convenc-i-converteix-a-les-xarxes-socials-14-03-26-i-19-05-26\/#breadcrumb"},"inLanguage":"ca","potentialAction":[{"@type":"ReadAction","target":["https:\/\/promocioeconomica.paeria.cat\/web\/capsula-formativa-la-teva-privacitat-en-joc-i-com-defensar-estrategia-de-continguts-i-vendes-digitals-connecta-convenc-i-converteix-a-les-xarxes-socials-14-03-26-i-19-05-26\/"]}]},{"@type":"ImageObject","inLanguage":"ca","@id":"https:\/\/promocioeconomica.paeria.cat\/web\/capsula-formativa-la-teva-privacitat-en-joc-i-com-defensar-estrategia-de-continguts-i-vendes-digitals-connecta-convenc-i-converteix-a-les-xarxes-socials-14-03-26-i-19-05-26\/#primaryimage","url":"https:\/\/promocioeconomica.paeria.cat\/web\/wp-content\/uploads\/2026\/05\/CF-03-scaled.png","contentUrl":"https:\/\/promocioeconomica.paeria.cat\/web\/wp-content\/uploads\/2026\/05\/CF-03-scaled.png","width":2560,"height":856},{"@type":"BreadcrumbList","@id":"https:\/\/promocioeconomica.paeria.cat\/web\/capsula-formativa-la-teva-privacitat-en-joc-i-com-defensar-estrategia-de-continguts-i-vendes-digitals-connecta-convenc-i-converteix-a-les-xarxes-socials-14-03-26-i-19-05-26\/#breadcrumb","itemListElement":[{"@type":"ListItem","position":1,"name":"Inici","item":"https:\/\/promocioeconomica.paeria.cat\/web\/"},{"@type":"ListItem","position":2,"name":"C\u00e0psula formativa: Estrat\u00e8gia de continguts i vendes digitals: connecta, conven\u00e7 i converteix a les xarxes socials -14\/05\/26 i 19\/05\/26"}]},{"@type":"WebSite","@id":"https:\/\/promocioeconomica.paeria.cat\/web\/#website","url":"https:\/\/promocioeconomica.paeria.cat\/web\/","name":"Promoci\u00f3 Econ\u00f2mica i Emprenedoria","description":"Regidoria de Promoci\u00f3 Econ\u00f2mica i Emprenedoria","publisher":{"@id":"https:\/\/promocioeconomica.paeria.cat\/web\/#organization"},"potentialAction":[{"@type":"SearchAction","target":{"@type":"EntryPoint","urlTemplate":"https:\/\/promocioeconomica.paeria.cat\/web\/?s={search_term_string}"},"query-input":{"@type":"PropertyValueSpecification","valueRequired":true,"valueName":"search_term_string"}}],"inLanguage":"ca"},{"@type":"Organization","@id":"https:\/\/promocioeconomica.paeria.cat\/web\/#organization","name":"Ajuntament de Lleida","url":"https:\/\/promocioeconomica.paeria.cat\/web\/","logo":{"@type":"ImageObject","inLanguage":"ca","@id":"https:\/\/promocioeconomica.paeria.cat\/web\/#\/schema\/logo\/image\/","url":"https:\/\/promocioeconomica.paeria.cat\/web\/wp-content\/uploads\/2021\/06\/capcalera-promocio-economica.png","contentUrl":"https:\/\/promocioeconomica.paeria.cat\/web\/wp-content\/uploads\/2021\/06\/capcalera-promocio-economica.png","width":1100,"height":221,"caption":"Ajuntament de Lleida"},"image":{"@id":"https:\/\/promocioeconomica.paeria.cat\/web\/#\/schema\/logo\/image\/"}}]}},"_links":{"self":[{"href":"https:\/\/promocioeconomica.paeria.cat\/web\/wp-json\/wp\/v2\/pages\/3320","targetHints":{"allow":["GET"]}}],"collection":[{"href":"https:\/\/promocioeconomica.paeria.cat\/web\/wp-json\/wp\/v2\/pages"}],"about":[{"href":"https:\/\/promocioeconomica.paeria.cat\/web\/wp-json\/wp\/v2\/types\/page"}],"author":[{"embeddable":true,"href":"https:\/\/promocioeconomica.paeria.cat\/web\/wp-json\/wp\/v2\/users\/17"}],"replies":[{"embeddable":true,"href":"https:\/\/promocioeconomica.paeria.cat\/web\/wp-json\/wp\/v2\/comments?post=3320"}],"version-history":[{"count":24,"href":"https:\/\/promocioeconomica.paeria.cat\/web\/wp-json\/wp\/v2\/pages\/3320\/revisions"}],"predecessor-version":[{"id":3357,"href":"https:\/\/promocioeconomica.paeria.cat\/web\/wp-json\/wp\/v2\/pages\/3320\/revisions\/3357"}],"wp:attachment":[{"href":"https:\/\/promocioeconomica.paeria.cat\/web\/wp-json\/wp\/v2\/media?parent=3320"}],"curies":[{"name":"wp","href":"https:\/\/api.w.org\/{rel}","templated":true}]}}